{"id":1104,"date":"2018-10-05T17:06:05","date_gmt":"2018-10-05T15:06:05","guid":{"rendered":"https:\/\/adveniat-paris.org\/?page_id=1104"},"modified":"2023-05-12T11:26:16","modified_gmt":"2023-05-12T09:26:16","slug":"voluntariado","status":"publish","type":"page","link":"https:\/\/adveniat-paris.org\/es\/voluntariado\/","title":{"rendered":"Voluntariado"},"content":{"rendered":"\t\t<div data-elementor-type=\"wp-post\" data-elementor-id=\"1104\" class=\"elementor elementor-1104\" data-elementor-post-type=\"page\">\n\t\t\t\t\t\t<section class=\"elementor-section elementor-top-section elementor-element elementor-element-76b4de26 elementor-section-height-min-height elementor-section-boxed elementor-section-height-default elementor-section-items-middle\" data-id=\"76b4de26\" data-element_type=\"section\" data-e-type=\"section\" data-settings=\"{&quot;background_background&quot;:&quot;classic&quot;}\">\n\t\t\t\t\t\t\t<div class=\"elementor-background-overlay\"><\/div>\n\t\t\t\t\t\t\t<div class=\"elementor-container elementor-column-gap-default\">\n\t\t\t\t\t<div class=\"elementor-column elementor-col-100 elementor-top-column elementor-element elementor-element-45c34d62\" data-id=\"45c34d62\" data-element_type=\"column\" data-e-type=\"column\">\n\t\t\t<div class=\"elementor-widget-wrap elementor-element-populated\">\n\t\t\t\t\t\t<div class=\"elementor-element elementor-element-3f6349b elementor-widget elementor-widget-heading\" data-id=\"3f6349b\" data-element_type=\"widget\" data-e-type=\"widget\" data-widget_type=\"heading.default\">\n\t\t\t\t<div class=\"elementor-widget-container\">\n\t\t\t\t\t<h2 class=\"elementor-heading-title elementor-size-default\">Voluntariado<\/h2>\t\t\t\t<\/div>\n\t\t\t\t<\/div>\n\t\t\t\t\t<\/div>\n\t\t<\/div>\n\t\t\t\t\t<\/div>\n\t\t<\/section>\n\t\t\t\t<section class=\"elementor-section elementor-top-section elementor-element elementor-element-1febaee6 elementor-section-boxed elementor-section-height-default elementor-section-height-default\" data-id=\"1febaee6\" data-element_type=\"section\" data-e-type=\"section\">\n\t\t\t\t\t\t<div class=\"elementor-container elementor-column-gap-default\">\n\t\t\t\t\t<div class=\"elementor-column elementor-col-100 elementor-top-column elementor-element elementor-element-3dab4dfa\" data-id=\"3dab4dfa\" data-element_type=\"column\" data-e-type=\"column\">\n\t\t\t<div class=\"elementor-widget-wrap elementor-element-populated\">\n\t\t\t\t\t\t<div class=\"elementor-element elementor-element-257a8aeb elementor-widget elementor-widget-heading\" data-id=\"257a8aeb\" data-element_type=\"widget\" data-e-type=\"widget\" data-widget_type=\"heading.default\">\n\t\t\t\t<div class=\"elementor-widget-container\">\n\t\t\t\t\t<h2 class=\"elementor-heading-title elementor-size-default\">\u00bfC\u00f3mo ser voluntario?<\/h2>\t\t\t\t<\/div>\n\t\t\t\t<\/div>\n\t\t\t\t<div class=\"elementor-element elementor-element-59ed91c2 elementor-widget elementor-widget-text-editor\" data-id=\"59ed91c2\" data-element_type=\"widget\" data-e-type=\"widget\" data-widget_type=\"text-editor.default\">\n\t\t\t\t<div class=\"elementor-widget-container\">\n\t\t\t\t\t\t\t\t\t<p>Todos los j\u00f3venes entre 18 y 35 a\u00f1os (hombres o mujeres) pueden ser voluntarios durante tres semanas o algunos meses. Ellos se encargar\u00e1n de ayudar con el desayuno que se sirve a los clientes, a limpiar las habitaciones, a vender productos en el bar, y a contribuir con la animaci\u00f3n del albergue (lo que representa, en total, 30 horas de trabajo por semana aproximadamente). Con comida y alojamiento gratis, compartir\u00e1n las comidas y la vida religiosa con la comunidad asuncionista. Las voluntarias se alojar\u00e1n tambi\u00e9n en el mismo edificio, pero en un apartamento a parte.<\/p><p>Viviendo en pleno coraz\u00f3n de Par\u00eds, se beneficiar\u00e1n de todo lo que Adveniat les ofrece. Abiertos a encontrar otras personas y sabiendo hacer prueba de su autonom\u00eda, est\u00e1n dispuestos a trabajar en equipo y a formar parte del proyecto del albergue. Por supuesto, para poder sacarle partido a la experiencia, es necesario un cierto nivel de franc\u00e9s, aunque sea b\u00e1sico.<\/p>\t\t\t\t\t\t\t\t<\/div>\n\t\t\t\t<\/div>\n\t\t\t\t\t<\/div>\n\t\t<\/div>\n\t\t\t\t\t<\/div>\n\t\t<\/section>\n\t\t\t\t<section class=\"elementor-section elementor-top-section elementor-element elementor-element-51f301e6 elementor-section-boxed elementor-section-height-default elementor-section-height-default\" data-id=\"51f301e6\" data-element_type=\"section\" data-e-type=\"section\">\n\t\t\t\t\t\t<div class=\"elementor-container elementor-column-gap-default\">\n\t\t\t\t\t<div class=\"elementor-column elementor-col-50 elementor-top-column elementor-element elementor-element-35435fb0\" data-id=\"35435fb0\" data-element_type=\"column\" data-e-type=\"column\">\n\t\t\t<div class=\"elementor-widget-wrap elementor-element-populated\">\n\t\t\t\t\t\t<div class=\"elementor-element elementor-element-440a8eb2 elementor-widget elementor-widget-image\" data-id=\"440a8eb2\" data-element_type=\"widget\" data-e-type=\"widget\" data-widget_type=\"image.default\">\n\t\t\t\t<div class=\"elementor-widget-container\">\n\t\t\t\t\t\t\t\t\t\t\t\t\t\t\t<img decoding=\"async\" src=\"https:\/\/adveniat-paris.org\/wp-content\/uploads\/elementor\/thumbs\/Nicolas-ntjyzjbftwa5hertzxb6bx0i32iu0xpi55m09jk5h4.jpg\" title=\"\" alt=\"NiColas\" loading=\"lazy\" \/>\t\t\t\t\t\t\t\t\t\t\t\t\t\t\t<\/div>\n\t\t\t\t<\/div>\n\t\t\t\t\t<\/div>\n\t\t<\/div>\n\t\t\t\t<div class=\"elementor-column elementor-col-50 elementor-top-column elementor-element elementor-element-5a123fc\" data-id=\"5a123fc\" data-element_type=\"column\" data-e-type=\"column\">\n\t\t\t<div class=\"elementor-widget-wrap elementor-element-populated\">\n\t\t\t\t\t\t<div class=\"elementor-element elementor-element-4bcd2ace elementor-widget elementor-widget-image\" data-id=\"4bcd2ace\" data-element_type=\"widget\" data-e-type=\"widget\" data-widget_type=\"image.default\">\n\t\t\t\t<div class=\"elementor-widget-container\">\n\t\t\t\t\t\t\t\t\t\t\t\t\t\t\t<img decoding=\"async\" src=\"https:\/\/adveniat-paris.org\/wp-content\/uploads\/elementor\/thumbs\/Paloma-ntjyzjbftwa5hertzxb6bx0i32iu0xpi55m09jk5h4.jpg\" title=\"\" alt=\"Paloma\" loading=\"lazy\" \/>\t\t\t\t\t\t\t\t\t\t\t\t\t\t\t<\/div>\n\t\t\t\t<\/div>\n\t\t\t\t\t<\/div>\n\t\t<\/div>\n\t\t\t\t\t<\/div>\n\t\t<\/section>\n\t\t\t\t<section class=\"elementor-section elementor-top-section elementor-element elementor-element-7ca3f1b2 elementor-section-boxed elementor-section-height-default elementor-section-height-default\" data-id=\"7ca3f1b2\" data-element_type=\"section\" data-e-type=\"section\" data-settings=\"{&quot;background_background&quot;:&quot;classic&quot;}\">\n\t\t\t\t\t\t<div class=\"elementor-container elementor-column-gap-default\">\n\t\t\t\t\t<div class=\"elementor-column elementor-col-100 elementor-top-column elementor-element elementor-element-494ccaf7\" data-id=\"494ccaf7\" data-element_type=\"column\" data-e-type=\"column\">\n\t\t\t<div class=\"elementor-widget-wrap elementor-element-populated\">\n\t\t\t\t\t\t<div class=\"elementor-element elementor-element-31570045 elementor-widget elementor-widget-heading\" data-id=\"31570045\" data-element_type=\"widget\" data-e-type=\"widget\" data-widget_type=\"heading.default\">\n\t\t\t\t<div class=\"elementor-widget-container\">\n\t\t\t\t\t<h2 class=\"elementor-heading-title elementor-size-default\">Opiniones de nuestros j\u00f3venes voluntarios<\/h2>\t\t\t\t<\/div>\n\t\t\t\t<\/div>\n\t\t\t\t<section class=\"elementor-section elementor-inner-section elementor-element elementor-element-602828a elementor-section-boxed elementor-section-height-default elementor-section-height-default\" data-id=\"602828a\" data-element_type=\"section\" data-e-type=\"section\">\n\t\t\t\t\t\t<div class=\"elementor-container elementor-column-gap-default\">\n\t\t\t\t\t<div class=\"elementor-column elementor-col-33 elementor-inner-column elementor-element elementor-element-2af7823d\" data-id=\"2af7823d\" data-element_type=\"column\" data-e-type=\"column\">\n\t\t\t<div class=\"elementor-widget-wrap elementor-element-populated\">\n\t\t\t\t\t\t<div class=\"elementor-element elementor-element-f9b6e17 elementor-widget elementor-widget-image\" data-id=\"f9b6e17\" data-element_type=\"widget\" data-e-type=\"widget\" data-widget_type=\"image.default\">\n\t\t\t\t<div class=\"elementor-widget-container\">\n\t\t\t\t\t\t\t\t\t\t\t\t\t\t\t<img decoding=\"async\" src=\"https:\/\/adveniat-paris.org\/wp-content\/uploads\/elementor\/thumbs\/Paloma-ntjyzjbftwa5hertzxb6bx0i32iu0xpi55m09jk5h4.jpg\" title=\"\" alt=\"Paloma\" loading=\"lazy\" \/>\t\t\t\t\t\t\t\t\t\t\t\t\t\t\t<\/div>\n\t\t\t\t<\/div>\n\t\t\t\t\t<\/div>\n\t\t<\/div>\n\t\t\t\t<div class=\"elementor-column elementor-col-66 elementor-inner-column elementor-element elementor-element-3a9db51c\" data-id=\"3a9db51c\" data-element_type=\"column\" data-e-type=\"column\">\n\t\t\t<div class=\"elementor-widget-wrap elementor-element-populated\">\n\t\t\t\t\t\t<div class=\"elementor-element elementor-element-4c7e9458 elementor-widget elementor-widget-heading\" data-id=\"4c7e9458\" data-element_type=\"widget\" data-e-type=\"widget\" data-widget_type=\"heading.default\">\n\t\t\t\t<div class=\"elementor-widget-container\">\n\t\t\t\t\t<h3 class=\"elementor-heading-title elementor-size-default\">La experiencia de Paloma, M\u00e9jico<\/h3>\t\t\t\t<\/div>\n\t\t\t\t<\/div>\n\t\t\t\t<div class=\"elementor-element elementor-element-36d56eb1 elementor-widget elementor-widget-text-editor\" data-id=\"36d56eb1\" data-element_type=\"widget\" data-e-type=\"widget\" data-widget_type=\"text-editor.default\">\n\t\t\t\t<div class=\"elementor-widget-container\">\n\t\t\t\t\t\t\t\t\t<p>Cuando era estudiante lleg\u00f3 un momento en el que no estaba contenta con el hecho de que siempre hablaba con la misma gente, as\u00ed que decid\u00ed \u201cocuparme\u201d de eso, y ver lo que hay fuera, para conocer otras personas. De esta manera me puse en b\u00fasqueda de un lugar donde podr\u00eda conseguir esto.<\/p><p>\u00a0<\/p><p>As\u00ed, encontr\u00e9 un anuncio para trabajar como voluntaria en el albergue Adveniat, del que recib\u00ed una respuesta unos d\u00edas para tener una entrevista con el padre <em>Nicolas<\/em>, qui\u00e9n me dio una muy buena explicaci\u00f3n de las cosas que ten\u00eda que hacer. Tras varias semanas ayudando con el desayuno que se sirve a los clientes y algunas veces a hacer la limpieza de las habitaciones, me formaron para estar en la recepci\u00f3n, lo que me ayud\u00f3 a perfeccionar mi nivel de ingl\u00e9s. Al final de mi voluntariado, hice un peque\u00f1o concierto.<\/p><p>He aprendido mucho gracias al contacto con las personas del mundo entero, as\u00ed como con los otros voluntarios de diferentes pa\u00edses, en pleno coraz\u00f3n de Par\u00eds (el albergue se encuentra en todo el centro, pr\u00e1cticamente al lado del <em>Arc de Triomphe<\/em>), lo que asegura que existen intercambios culturales.<\/p><p>Esta ha sido una experiencia maravillosa, gracias a la cual he aprendido muchas cositas, entre las que cabe destacar que \u00a1el mundo no se mueve de la misma manera en todas las partes!<\/p>\t\t\t\t\t\t\t\t<\/div>\n\t\t\t\t<\/div>\n\t\t\t\t\t<\/div>\n\t\t<\/div>\n\t\t\t\t\t<\/div>\n\t\t<\/section>\n\t\t\t\t<section class=\"elementor-section elementor-inner-section elementor-element elementor-element-ad954b elementor-section-boxed elementor-section-height-default elementor-section-height-default\" data-id=\"ad954b\" data-element_type=\"section\" data-e-type=\"section\">\n\t\t\t\t\t\t<div class=\"elementor-container elementor-column-gap-default\">\n\t\t\t\t\t<div class=\"elementor-column elementor-col-33 elementor-inner-column elementor-element elementor-element-6ee106eb\" data-id=\"6ee106eb\" data-element_type=\"column\" data-e-type=\"column\">\n\t\t\t<div class=\"elementor-widget-wrap elementor-element-populated\">\n\t\t\t\t\t\t<div class=\"elementor-element elementor-element-7ea8a18e elementor-widget elementor-widget-image\" data-id=\"7ea8a18e\" data-element_type=\"widget\" data-e-type=\"widget\" data-widget_type=\"image.default\">\n\t\t\t\t<div class=\"elementor-widget-container\">\n\t\t\t\t\t\t\t\t\t\t\t\t\t\t\t<img decoding=\"async\" src=\"https:\/\/adveniat-paris.org\/wp-content\/uploads\/elementor\/thumbs\/Nicolas-ntjyzjbftwa5hertzxb6bx0i32iu0xpi55m09jk5h4.jpg\" title=\"\" alt=\"NiColas\" loading=\"lazy\" \/>\t\t\t\t\t\t\t\t\t\t\t\t\t\t\t<\/div>\n\t\t\t\t<\/div>\n\t\t\t\t\t<\/div>\n\t\t<\/div>\n\t\t\t\t<div class=\"elementor-column elementor-col-66 elementor-inner-column elementor-element elementor-element-34a4544d\" data-id=\"34a4544d\" data-element_type=\"column\" data-e-type=\"column\">\n\t\t\t<div class=\"elementor-widget-wrap elementor-element-populated\">\n\t\t\t\t\t\t<div class=\"elementor-element elementor-element-9f8b725 elementor-widget elementor-widget-heading\" data-id=\"9f8b725\" data-element_type=\"widget\" data-e-type=\"widget\" data-widget_type=\"heading.default\">\n\t\t\t\t<div class=\"elementor-widget-container\">\n\t\t\t\t\t<h3 class=\"elementor-heading-title elementor-size-default\">La experiencia de Nicol\u00e1s, Colombia<\/h3>\t\t\t\t<\/div>\n\t\t\t\t<\/div>\n\t\t\t\t<div class=\"elementor-element elementor-element-4f8e6515 elementor-widget elementor-widget-text-editor\" data-id=\"4f8e6515\" data-element_type=\"widget\" data-e-type=\"widget\" data-widget_type=\"text-editor.default\">\n\t\t\t\t<div class=\"elementor-widget-container\">\n\t\t\t\t\t\t\t\t\t<p>Me llamo Nicol\u00e1s Vel\u00e1squez D\u00edaz y soy un estudiante colombiano. He venido a Francia para pasar un semestre en la universidad de <em>Sciences Po Bordeaux<\/em>. Decid\u00ed hacer voluntariado durante tres meses (de septiembre a octubre) con la comunidad asuncionista. De esta manera, durante mi voluntariado, he tenido la oportunidad de conocer personas de todas partes, lo que me ha ayudado a ampliar la visi\u00f3n que tengo del mundo as\u00ed como mejorar mi nivel de franc\u00e9s. Adem\u00e1s, trabajando con la comunidad, he hecho nuevos amigos, lo que ha contribuido de forma muy positiva en lo personal y en lo profesional.\u00a0 Asimismo, el voluntariado me ha ayudado a acercarme a Dios, gracias al trabajo religioso y todo lo que he compartido d\u00eda a d\u00eda con la comunidad asuncionista. En pocas palabras, este voluntariado ha sido una experiencia que no olvidar\u00e9 jam\u00e1s, ya que me ha permitido crecer personal y profesionalmente para ser una mejor persona cada d\u00eda.<\/p>\t\t\t\t\t\t\t\t<\/div>\n\t\t\t\t<\/div>\n\t\t\t\t\t<\/div>\n\t\t<\/div>\n\t\t\t\t\t<\/div>\n\t\t<\/section>\n\t\t\t\t\t<\/div>\n\t\t<\/div>\n\t\t\t\t\t<\/div>\n\t\t<\/section>\n\t\t\t\t<\/div>\n\t\t","protected":false},"excerpt":{"rendered":"<p>Voluntariado \u00bfC\u00f3mo ser voluntario? Todos los j\u00f3venes entre 18 y 35 a\u00f1os (hombres o mujeres) pueden ser voluntarios durante tres semanas o algunos meses. Ellos se encargar\u00e1n de ayudar con el desayuno que se sirve a los clientes, a limpiar las habitaciones, a vender productos en el bar, y a contribuir con la animaci\u00f3n del [&hellip;]<\/p>\n","protected":false},"author":1,"featured_media":0,"parent":0,"menu_order":0,"comment_status":"closed","ping_status":"closed","template":"","meta":{"om_disable_all_campaigns":false,"_monsterinsights_skip_tracking":false,"_monsterinsights_sitenote_active":false,"_monsterinsights_sitenote_note":"","_monsterinsights_sitenote_category":0,"_uf_show_specific_survey":0,"_uf_disable_surveys":false,"footnotes":""},"class_list":["post-1104","page","type-page","status-publish","hentry"],"aioseo_notices":[],"yoast_head":"<!-- This site is optimized with the Yoast SEO plugin v27.5 - https:\/\/yoast.com\/product\/yoast-seo-wordpress\/ -->\n<title>Voluntariado - Albergue Adveniat Paris<\/title>\n<meta name=\"description\" content=\"Todos los j\u00f3venes entre 18 y 35 a\u00f1os (hombres o mujeres) pueden hacer un voluntariado durante tres semanas o algunos meses.\" \/>\n<meta name=\"robots\" content=\"index, follow, max-snippet:-1, max-image-preview:large, max-video-preview:-1\" \/>\n<link rel=\"canonical\" href=\"https:\/\/adveniat-paris.org\/es\/voluntariado\/\" \/>\n<meta property=\"og:locale\" content=\"es_ES\" \/>\n<meta property=\"og:type\" content=\"article\" \/>\n<meta property=\"og:title\" content=\"Voluntariado - Albergue Adveniat Paris\" \/>\n<meta property=\"og:description\" content=\"Todos los j\u00f3venes entre 18 y 35 a\u00f1os (hombres o mujeres) pueden hacer un voluntariado durante tres semanas o algunos meses.\" \/>\n<meta property=\"og:url\" content=\"https:\/\/adveniat-paris.org\/es\/voluntariado\/\" \/>\n<meta property=\"og:site_name\" content=\"Adveniat Paris\" \/>\n<meta property=\"article:modified_time\" content=\"2023-05-12T09:26:16+00:00\" \/>\n<meta property=\"og:image\" content=\"https:\/\/adveniat-paris.org\/wp-content\/uploads\/Nicolas-300x236.jpg\" \/>\n<meta name=\"twitter:card\" content=\"summary_large_image\" \/>\n<meta name=\"twitter:label1\" content=\"Tiempo de lectura\" \/>\n\t<meta name=\"twitter:data1\" content=\"4 minutos\" \/>\n<script type=\"application\/ld+json\" class=\"yoast-schema-graph\">{\"@context\":\"https:\\\/\\\/schema.org\",\"@graph\":[{\"@type\":\"WebPage\",\"@id\":\"https:\\\/\\\/adveniat-paris.org\\\/es\\\/voluntariado\\\/\",\"url\":\"https:\\\/\\\/adveniat-paris.org\\\/es\\\/voluntariado\\\/\",\"name\":\"Voluntariado - Albergue Adveniat Paris\",\"isPartOf\":{\"@id\":\"https:\\\/\\\/adveniat-paris.org\\\/fr\\\/#website\"},\"primaryImageOfPage\":{\"@id\":\"https:\\\/\\\/adveniat-paris.org\\\/es\\\/voluntariado\\\/#primaryimage\"},\"image\":{\"@id\":\"https:\\\/\\\/adveniat-paris.org\\\/es\\\/voluntariado\\\/#primaryimage\"},\"thumbnailUrl\":\"https:\\\/\\\/adveniat-paris.org\\\/wp-content\\\/uploads\\\/Nicolas-300x236.jpg\",\"datePublished\":\"2018-10-05T15:06:05+00:00\",\"dateModified\":\"2023-05-12T09:26:16+00:00\",\"description\":\"Todos los j\u00f3venes entre 18 y 35 a\u00f1os (hombres o mujeres) pueden hacer un voluntariado durante tres semanas o algunos meses.\",\"breadcrumb\":{\"@id\":\"https:\\\/\\\/adveniat-paris.org\\\/es\\\/voluntariado\\\/#breadcrumb\"},\"inLanguage\":\"es\",\"potentialAction\":[{\"@type\":\"ReadAction\",\"target\":[\"https:\\\/\\\/adveniat-paris.org\\\/es\\\/voluntariado\\\/\"]}]},{\"@type\":\"ImageObject\",\"inLanguage\":\"es\",\"@id\":\"https:\\\/\\\/adveniat-paris.org\\\/es\\\/voluntariado\\\/#primaryimage\",\"url\":\"https:\\\/\\\/adveniat-paris.org\\\/wp-content\\\/uploads\\\/Nicolas-300x236.jpg\",\"contentUrl\":\"https:\\\/\\\/adveniat-paris.org\\\/wp-content\\\/uploads\\\/Nicolas-300x236.jpg\"},{\"@type\":\"BreadcrumbList\",\"@id\":\"https:\\\/\\\/adveniat-paris.org\\\/es\\\/voluntariado\\\/#breadcrumb\",\"itemListElement\":[{\"@type\":\"ListItem\",\"position\":1,\"name\":\"Accueil\",\"item\":\"https:\\\/\\\/adveniat-paris.org\\\/es\\\/\"},{\"@type\":\"ListItem\",\"position\":2,\"name\":\"Voluntariado\"}]},{\"@type\":\"WebSite\",\"@id\":\"https:\\\/\\\/adveniat-paris.org\\\/fr\\\/#website\",\"url\":\"https:\\\/\\\/adveniat-paris.org\\\/fr\\\/\",\"name\":\"Adveniat Paris\",\"description\":\"Auberge de jeunesse \u00e0 2 pas des Champs Elys\u00e9es\",\"publisher\":{\"@id\":\"https:\\\/\\\/adveniat-paris.org\\\/fr\\\/#organization\"},\"potentialAction\":[{\"@type\":\"SearchAction\",\"target\":{\"@type\":\"EntryPoint\",\"urlTemplate\":\"https:\\\/\\\/adveniat-paris.org\\\/fr\\\/?s={search_term_string}\"},\"query-input\":{\"@type\":\"PropertyValueSpecification\",\"valueRequired\":true,\"valueName\":\"search_term_string\"}}],\"inLanguage\":\"es\"},{\"@type\":\"Organization\",\"@id\":\"https:\\\/\\\/adveniat-paris.org\\\/fr\\\/#organization\",\"name\":\"Adveniat Paris\",\"url\":\"https:\\\/\\\/adveniat-paris.org\\\/fr\\\/\",\"logo\":{\"@type\":\"ImageObject\",\"inLanguage\":\"es\",\"@id\":\"https:\\\/\\\/adveniat-paris.org\\\/fr\\\/#\\\/schema\\\/logo\\\/image\\\/\",\"url\":\"https:\\\/\\\/adveniat-paris.org\\\/wp-content\\\/uploads\\\/Adveniat_logo_exe_Adveniat_logo_CMJN_baseline_blanc-1-e1737565095903.png\",\"contentUrl\":\"https:\\\/\\\/adveniat-paris.org\\\/wp-content\\\/uploads\\\/Adveniat_logo_exe_Adveniat_logo_CMJN_baseline_blanc-1-e1737565095903.png\",\"width\":1968,\"height\":613,\"caption\":\"Adveniat Paris\"},\"image\":{\"@id\":\"https:\\\/\\\/adveniat-paris.org\\\/fr\\\/#\\\/schema\\\/logo\\\/image\\\/\"}}]}<\/script>\n<!-- \/ Yoast SEO plugin. -->","yoast_head_json":{"title":"Voluntariado - Albergue Adveniat Paris","description":"Todos los j\u00f3venes entre 18 y 35 a\u00f1os (hombres o mujeres) pueden hacer un voluntariado durante tres semanas o algunos meses.","robots":{"index":"index","follow":"follow","max-snippet":"max-snippet:-1","max-image-preview":"max-image-preview:large","max-video-preview":"max-video-preview:-1"},"canonical":"https:\/\/adveniat-paris.org\/es\/voluntariado\/","og_locale":"es_ES","og_type":"article","og_title":"Voluntariado - Albergue Adveniat Paris","og_description":"Todos los j\u00f3venes entre 18 y 35 a\u00f1os (hombres o mujeres) pueden hacer un voluntariado durante tres semanas o algunos meses.","og_url":"https:\/\/adveniat-paris.org\/es\/voluntariado\/","og_site_name":"Adveniat Paris","article_modified_time":"2023-05-12T09:26:16+00:00","og_image":[{"url":"https:\/\/adveniat-paris.org\/wp-content\/uploads\/Nicolas-300x236.jpg","type":"","width":"","height":""}],"twitter_card":"summary_large_image","twitter_misc":{"Tiempo de lectura":"4 minutos"},"schema":{"@context":"https:\/\/schema.org","@graph":[{"@type":"WebPage","@id":"https:\/\/adveniat-paris.org\/es\/voluntariado\/","url":"https:\/\/adveniat-paris.org\/es\/voluntariado\/","name":"Voluntariado - Albergue Adveniat Paris","isPartOf":{"@id":"https:\/\/adveniat-paris.org\/fr\/#website"},"primaryImageOfPage":{"@id":"https:\/\/adveniat-paris.org\/es\/voluntariado\/#primaryimage"},"image":{"@id":"https:\/\/adveniat-paris.org\/es\/voluntariado\/#primaryimage"},"thumbnailUrl":"https:\/\/adveniat-paris.org\/wp-content\/uploads\/Nicolas-300x236.jpg","datePublished":"2018-10-05T15:06:05+00:00","dateModified":"2023-05-12T09:26:16+00:00","description":"Todos los j\u00f3venes entre 18 y 35 a\u00f1os (hombres o mujeres) pueden hacer un voluntariado durante tres semanas o algunos meses.","breadcrumb":{"@id":"https:\/\/adveniat-paris.org\/es\/voluntariado\/#breadcrumb"},"inLanguage":"es","potentialAction":[{"@type":"ReadAction","target":["https:\/\/adveniat-paris.org\/es\/voluntariado\/"]}]},{"@type":"ImageObject","inLanguage":"es","@id":"https:\/\/adveniat-paris.org\/es\/voluntariado\/#primaryimage","url":"https:\/\/adveniat-paris.org\/wp-content\/uploads\/Nicolas-300x236.jpg","contentUrl":"https:\/\/adveniat-paris.org\/wp-content\/uploads\/Nicolas-300x236.jpg"},{"@type":"BreadcrumbList","@id":"https:\/\/adveniat-paris.org\/es\/voluntariado\/#breadcrumb","itemListElement":[{"@type":"ListItem","position":1,"name":"Accueil","item":"https:\/\/adveniat-paris.org\/es\/"},{"@type":"ListItem","position":2,"name":"Voluntariado"}]},{"@type":"WebSite","@id":"https:\/\/adveniat-paris.org\/fr\/#website","url":"https:\/\/adveniat-paris.org\/fr\/","name":"Adveniat Paris","description":"Auberge de jeunesse \u00e0 2 pas des Champs Elys\u00e9es","publisher":{"@id":"https:\/\/adveniat-paris.org\/fr\/#organization"},"potentialAction":[{"@type":"SearchAction","target":{"@type":"EntryPoint","urlTemplate":"https:\/\/adveniat-paris.org\/fr\/?s={search_term_string}"},"query-input":{"@type":"PropertyValueSpecification","valueRequired":true,"valueName":"search_term_string"}}],"inLanguage":"es"},{"@type":"Organization","@id":"https:\/\/adveniat-paris.org\/fr\/#organization","name":"Adveniat Paris","url":"https:\/\/adveniat-paris.org\/fr\/","logo":{"@type":"ImageObject","inLanguage":"es","@id":"https:\/\/adveniat-paris.org\/fr\/#\/schema\/logo\/image\/","url":"https:\/\/adveniat-paris.org\/wp-content\/uploads\/Adveniat_logo_exe_Adveniat_logo_CMJN_baseline_blanc-1-e1737565095903.png","contentUrl":"https:\/\/adveniat-paris.org\/wp-content\/uploads\/Adveniat_logo_exe_Adveniat_logo_CMJN_baseline_blanc-1-e1737565095903.png","width":1968,"height":613,"caption":"Adveniat Paris"},"image":{"@id":"https:\/\/adveniat-paris.org\/fr\/#\/schema\/logo\/image\/"}}]}},"_links":{"self":[{"href":"https:\/\/adveniat-paris.org\/es\/wp-json\/wp\/v2\/pages\/1104","targetHints":{"allow":["GET"]}}],"collection":[{"href":"https:\/\/adveniat-paris.org\/es\/wp-json\/wp\/v2\/pages"}],"about":[{"href":"https:\/\/adveniat-paris.org\/es\/wp-json\/wp\/v2\/types\/page"}],"author":[{"embeddable":true,"href":"https:\/\/adveniat-paris.org\/es\/wp-json\/wp\/v2\/users\/1"}],"replies":[{"embeddable":true,"href":"https:\/\/adveniat-paris.org\/es\/wp-json\/wp\/v2\/comments?post=1104"}],"version-history":[{"count":0,"href":"https:\/\/adveniat-paris.org\/es\/wp-json\/wp\/v2\/pages\/1104\/revisions"}],"wp:attachment":[{"href":"https:\/\/adveniat-paris.org\/es\/wp-json\/wp\/v2\/media?parent=1104"}],"curies":[{"name":"wp","href":"https:\/\/api.w.org\/{rel}","templated":true}]}}