{"id":1122,"date":"2018-10-07T15:23:35","date_gmt":"2018-10-07T13:23:35","guid":{"rendered":"https:\/\/adveniat-paris.org\/?page_id=1122"},"modified":"2022-09-14T16:52:24","modified_gmt":"2022-09-14T14:52:24","slug":"asi-damos-la-bienvenida-a-los-peregrinos","status":"publish","type":"page","link":"https:\/\/adveniat-paris.org\/es\/asi-damos-la-bienvenida-a-los-peregrinos\/","title":{"rendered":"\u00a1As\u00ed damos la bienvenida a los peregrinos!"},"content":{"rendered":"\t\t<div data-elementor-type=\"wp-post\" data-elementor-id=\"1122\" class=\"elementor elementor-1122\" data-elementor-post-type=\"page\">\n\t\t\t\t\t\t<section class=\"elementor-section elementor-top-section elementor-element elementor-element-60ec6ef8 elementor-section-height-min-height elementor-section-boxed elementor-section-height-default elementor-section-items-middle\" data-id=\"60ec6ef8\" data-element_type=\"section\" data-e-type=\"section\" data-settings=\"{&quot;background_background&quot;:&quot;classic&quot;}\">\n\t\t\t\t\t\t<div class=\"elementor-container elementor-column-gap-default\">\n\t\t\t\t\t<div class=\"elementor-column elementor-col-100 elementor-top-column elementor-element elementor-element-206bc1f3\" data-id=\"206bc1f3\" data-element_type=\"column\" data-e-type=\"column\">\n\t\t\t<div class=\"elementor-widget-wrap elementor-element-populated\">\n\t\t\t\t\t\t<div class=\"elementor-element elementor-element-1fa586ca elementor-widget elementor-widget-heading\" data-id=\"1fa586ca\" data-element_type=\"widget\" data-e-type=\"widget\" data-widget_type=\"heading.default\">\n\t\t\t\t<div class=\"elementor-widget-container\">\n\t\t\t\t\t<h2 class=\"elementor-heading-title elementor-size-default\">\u00a1As\u00ed damos la bienvenida <br>\na los peregrinos!<\/h2>\t\t\t\t<\/div>\n\t\t\t\t<\/div>\n\t\t\t\t\t<\/div>\n\t\t<\/div>\n\t\t\t\t\t<\/div>\n\t\t<\/section>\n\t\t\t\t<section class=\"elementor-section elementor-top-section elementor-element elementor-element-4b51d6ba elementor-section-boxed elementor-section-height-default elementor-section-height-default\" data-id=\"4b51d6ba\" data-element_type=\"section\" data-e-type=\"section\">\n\t\t\t\t\t\t<div class=\"elementor-container elementor-column-gap-default\">\n\t\t\t\t\t<div class=\"elementor-column elementor-col-33 elementor-top-column elementor-element elementor-element-36ec645b\" data-id=\"36ec645b\" data-element_type=\"column\" data-e-type=\"column\">\n\t\t\t<div class=\"elementor-widget-wrap elementor-element-populated\">\n\t\t\t\t\t\t<div class=\"elementor-element elementor-element-3a9aa4c9 elementor-widget elementor-widget-image\" data-id=\"3a9aa4c9\" data-element_type=\"widget\" data-e-type=\"widget\" data-widget_type=\"image.default\">\n\t\t\t\t<div class=\"elementor-widget-container\">\n\t\t\t\t\t\t\t\t\t\t\t\t\t\t\t<img decoding=\"async\" src=\"https:\/\/adveniat-paris.org\/wp-content\/uploads\/elementor\/thumbs\/Copie-de-_DSC1316-nvmmecwv4km3mxsqffl1k7yel3zmdmncz5oiqc4pmg.jpg\" title=\"\" alt=\"P\u00e8lerins - Adveniat Auberge de Jeunesse Paris Centre Champs Elys\u00e9es\" class=\"elementor-animation-grow\" loading=\"lazy\" \/>\t\t\t\t\t\t\t\t\t\t\t\t\t\t\t<\/div>\n\t\t\t\t<\/div>\n\t\t\t\t\t<\/div>\n\t\t<\/div>\n\t\t\t\t<div class=\"elementor-column elementor-col-66 elementor-top-column elementor-element elementor-element-527a57f\" data-id=\"527a57f\" data-element_type=\"column\" data-e-type=\"column\">\n\t\t\t<div class=\"elementor-widget-wrap elementor-element-populated\">\n\t\t\t\t\t\t<div class=\"elementor-element elementor-element-5bf28efd elementor-widget elementor-widget-text-editor\" data-id=\"5bf28efd\" data-element_type=\"widget\" data-e-type=\"widget\" data-widget_type=\"text-editor.default\">\n\t\t\t\t<div class=\"elementor-widget-container\">\n\t\t\t\t\t\t\t\t\t<p>\u00bfHan venido a Par\u00eds como peregrinos para visitar <a href=\"http:\/\/www.chapellenotredamedelamedaillemiraculeuse.com\/langues\/espanol\/capilla-nuestra-senora-de-la-medalla-milagrosa\/\">la capilla de la Medalla Milagrosa<\/a>, o las bas\u00edlicas de Notre-Dame-des-Victoires y Sacr\u00e9-C\u0153ur? \u00bfPasas por Par\u00eds en tu (largo) camino hacia Lourdes, Santiago de Compostela o Taiz\u00e9? \u00a1Adveniat est\u00e1 deseando acogerte!<\/p><p>Para ello, en el momento de hacer la reserva, haznos saber (en la secci\u00f3n de comentarios) que eres peregrino para que puedas beneficiarte de nuestros descuentos. Y por supuesto, no dudes en pedir que organicemos una <a href=\"https:\/\/adveniat-paris.org\/es\/visitas-y-experiencias\/visitar-paris-de-otra-manera\/\">visita-peregrinaje<\/a> en Par\u00eds para ti.<\/p>\t\t\t\t\t\t\t\t<\/div>\n\t\t\t\t<\/div>\n\t\t\t\t\t<\/div>\n\t\t<\/div>\n\t\t\t\t\t<\/div>\n\t\t<\/section>\n\t\t\t\t<section class=\"elementor-section elementor-top-section elementor-element elementor-element-40ae688e elementor-section-boxed elementor-section-height-default elementor-section-height-default\" data-id=\"40ae688e\" data-element_type=\"section\" data-e-type=\"section\">\n\t\t\t\t\t\t<div class=\"elementor-container elementor-column-gap-default\">\n\t\t\t\t\t<div class=\"elementor-column elementor-col-33 elementor-top-column elementor-element elementor-element-5058624f\" data-id=\"5058624f\" data-element_type=\"column\" data-e-type=\"column\">\n\t\t\t<div class=\"elementor-widget-wrap elementor-element-populated\">\n\t\t\t\t\t\t<div class=\"elementor-element elementor-element-1c8c6baf elementor-align-center elementor-widget elementor-widget-button\" data-id=\"1c8c6baf\" data-element_type=\"widget\" data-e-type=\"widget\" data-widget_type=\"button.default\">\n\t\t\t\t<div class=\"elementor-widget-container\">\n\t\t\t\t\t\t\t\t\t<div class=\"elementor-button-wrapper\">\n\t\t\t\t\t<a class=\"elementor-button elementor-button-link elementor-size-md elementor-animation-shrink\" href=\"https:\/\/adveniat-paris.org\/es\/el-abergue\/\">\n\t\t\t\t\t\t<span class=\"elementor-button-content-wrapper\">\n\t\t\t\t\t\t\t\t\t<span class=\"elementor-button-text\">Saber m\u00e1s del albergue<\/span>\n\t\t\t\t\t<\/span>\n\t\t\t\t\t<\/a>\n\t\t\t\t<\/div>\n\t\t\t\t\t\t\t\t<\/div>\n\t\t\t\t<\/div>\n\t\t\t\t\t<\/div>\n\t\t<\/div>\n\t\t\t\t<div class=\"elementor-column elementor-col-33 elementor-top-column elementor-element elementor-element-705f6ac3\" data-id=\"705f6ac3\" data-element_type=\"column\" data-e-type=\"column\">\n\t\t\t<div class=\"elementor-widget-wrap elementor-element-populated\">\n\t\t\t\t\t\t<div class=\"elementor-element elementor-element-65faddbf elementor-align-center elementor-widget elementor-widget-button\" data-id=\"65faddbf\" data-element_type=\"widget\" data-e-type=\"widget\" data-widget_type=\"button.default\">\n\t\t\t\t<div class=\"elementor-widget-container\">\n\t\t\t\t\t\t\t\t\t<div class=\"elementor-button-wrapper\">\n\t\t\t\t\t<a class=\"elementor-button elementor-button-link elementor-size-md elementor-animation-shrink\" href=\"https:\/\/adveniat-paris.org\/es\/habitaciones-y-tarifas\/\">\n\t\t\t\t\t\t<span class=\"elementor-button-content-wrapper\">\n\t\t\t\t\t\t\t\t\t<span class=\"elementor-button-text\">Informaci\u00f3n sobre las habitaciones<\/span>\n\t\t\t\t\t<\/span>\n\t\t\t\t\t<\/a>\n\t\t\t\t<\/div>\n\t\t\t\t\t\t\t\t<\/div>\n\t\t\t\t<\/div>\n\t\t\t\t\t<\/div>\n\t\t<\/div>\n\t\t\t\t<div class=\"elementor-column elementor-col-33 elementor-top-column elementor-element elementor-element-3866fc5\" data-id=\"3866fc5\" data-element_type=\"column\" data-e-type=\"column\">\n\t\t\t<div class=\"elementor-widget-wrap elementor-element-populated\">\n\t\t\t\t\t\t<div class=\"elementor-element elementor-element-273c36ac elementor-align-center distributor elementor-widget elementor-widget-button\" data-id=\"273c36ac\" data-element_type=\"widget\" data-e-type=\"widget\" data-widget_type=\"button.default\">\n\t\t\t\t<div class=\"elementor-widget-container\">\n\t\t\t\t\t\t\t\t\t<div class=\"elementor-button-wrapper\">\n\t\t\t\t\t<a class=\"elementor-button elementor-button-link elementor-size-md elementor-animation-grow\" href=\"#\">\n\t\t\t\t\t\t<span class=\"elementor-button-content-wrapper\">\n\t\t\t\t\t\t\t\t\t<span class=\"elementor-button-text\">Hacer una reserva<\/span>\n\t\t\t\t\t<\/span>\n\t\t\t\t\t<\/a>\n\t\t\t\t<\/div>\n\t\t\t\t\t\t\t\t<\/div>\n\t\t\t\t<\/div>\n\t\t\t\t\t<\/div>\n\t\t<\/div>\n\t\t\t\t\t<\/div>\n\t\t<\/section>\n\t\t\t\t<\/div>\n\t\t","protected":false},"excerpt":{"rendered":"<p>\u00a1As\u00ed damos la bienvenida a los peregrinos! \u00bfHan venido a Par\u00eds como peregrinos para visitar la capilla de la Medalla Milagrosa, o las bas\u00edlicas de Notre-Dame-des-Victoires y Sacr\u00e9-C\u0153ur? \u00bfPasas por Par\u00eds en tu (largo) camino hacia Lourdes, Santiago de Compostela o Taiz\u00e9? \u00a1Adveniat est\u00e1 deseando acogerte! Para ello, en el momento de hacer la reserva, [&hellip;]<\/p>\n","protected":false},"author":1,"featured_media":0,"parent":0,"menu_order":0,"comment_status":"closed","ping_status":"closed","template":"","meta":{"om_disable_all_campaigns":false,"_monsterinsights_skip_tracking":false,"_monsterinsights_sitenote_active":false,"_monsterinsights_sitenote_note":"","_monsterinsights_sitenote_category":0,"_uf_show_specific_survey":0,"_uf_disable_surveys":false,"footnotes":""},"class_list":["post-1122","page","type-page","status-publish","hentry"],"aioseo_notices":[],"yoast_head":"<!-- This site is optimized with the Yoast SEO plugin v27.6 - https:\/\/yoast.com\/product\/yoast-seo-wordpress\/ -->\n<title>\u00a1As\u00ed damos la bienvenida a los peregrinos! - Albergue Adveniat Paris<\/title>\n<meta name=\"description\" content=\"\u00bfHan venido a Par\u00eds como peregrinos para visitar la capilla de la Medalla Milagrosa, o las bas\u00edlicas de Notre-Dame-des-Victoires y Sacr\u00e9-C\u0153ur?\" \/>\n<meta name=\"robots\" content=\"index, follow, max-snippet:-1, max-image-preview:large, max-video-preview:-1\" \/>\n<link rel=\"canonical\" href=\"https:\/\/adveniat-paris.org\/es\/asi-damos-la-bienvenida-a-los-peregrinos\/\" \/>\n<meta property=\"og:locale\" content=\"es_ES\" \/>\n<meta property=\"og:type\" content=\"article\" \/>\n<meta property=\"og:title\" content=\"\u00a1As\u00ed damos la bienvenida a los peregrinos! - Albergue Adveniat Paris\" \/>\n<meta property=\"og:description\" content=\"\u00bfHan venido a Par\u00eds como peregrinos para visitar la capilla de la Medalla Milagrosa, o las bas\u00edlicas de Notre-Dame-des-Victoires y Sacr\u00e9-C\u0153ur?\" \/>\n<meta property=\"og:url\" content=\"https:\/\/adveniat-paris.org\/es\/asi-damos-la-bienvenida-a-los-peregrinos\/\" \/>\n<meta property=\"og:site_name\" content=\"Adveniat Paris\" \/>\n<meta property=\"article:modified_time\" content=\"2022-09-14T14:52:24+00:00\" \/>\n<meta property=\"og:image\" content=\"https:\/\/adveniat-paris.org\/wp-content\/uploads\/elementor\/thumbs\/Copie-de-_DSC1316-nvmmecwv4km3mxsqffl1k7yel3zmdmncz5oiqc4pmg.jpg\" \/>\n<meta name=\"twitter:card\" content=\"summary_large_image\" \/>\n<meta name=\"twitter:label1\" content=\"Tiempo de lectura\" \/>\n\t<meta name=\"twitter:data1\" content=\"1 minuto\" \/>\n<script type=\"application\/ld+json\" class=\"yoast-schema-graph\">{\"@context\":\"https:\\\/\\\/schema.org\",\"@graph\":[{\"@type\":\"WebPage\",\"@id\":\"https:\\\/\\\/adveniat-paris.org\\\/es\\\/asi-damos-la-bienvenida-a-los-peregrinos\\\/\",\"url\":\"https:\\\/\\\/adveniat-paris.org\\\/es\\\/asi-damos-la-bienvenida-a-los-peregrinos\\\/\",\"name\":\"\u00a1As\u00ed damos la bienvenida a los peregrinos! - Albergue Adveniat Paris\",\"isPartOf\":{\"@id\":\"https:\\\/\\\/adveniat-paris.org\\\/fr\\\/#website\"},\"primaryImageOfPage\":{\"@id\":\"https:\\\/\\\/adveniat-paris.org\\\/es\\\/asi-damos-la-bienvenida-a-los-peregrinos\\\/#primaryimage\"},\"image\":{\"@id\":\"https:\\\/\\\/adveniat-paris.org\\\/es\\\/asi-damos-la-bienvenida-a-los-peregrinos\\\/#primaryimage\"},\"thumbnailUrl\":\"https:\\\/\\\/adveniat-paris.org\\\/wp-content\\\/uploads\\\/elementor\\\/thumbs\\\/Copie-de-_DSC1316-nvmmecwv4km3mxsqffl1k7yel3zmdmncz5oiqc4pmg.jpg\",\"datePublished\":\"2018-10-07T13:23:35+00:00\",\"dateModified\":\"2022-09-14T14:52:24+00:00\",\"description\":\"\u00bfHan venido a Par\u00eds como peregrinos para visitar la capilla de la Medalla Milagrosa, o las bas\u00edlicas de Notre-Dame-des-Victoires y Sacr\u00e9-C\u0153ur?\",\"breadcrumb\":{\"@id\":\"https:\\\/\\\/adveniat-paris.org\\\/es\\\/asi-damos-la-bienvenida-a-los-peregrinos\\\/#breadcrumb\"},\"inLanguage\":\"es\",\"potentialAction\":[{\"@type\":\"ReadAction\",\"target\":[\"https:\\\/\\\/adveniat-paris.org\\\/es\\\/asi-damos-la-bienvenida-a-los-peregrinos\\\/\"]}]},{\"@type\":\"ImageObject\",\"inLanguage\":\"es\",\"@id\":\"https:\\\/\\\/adveniat-paris.org\\\/es\\\/asi-damos-la-bienvenida-a-los-peregrinos\\\/#primaryimage\",\"url\":\"https:\\\/\\\/adveniat-paris.org\\\/wp-content\\\/uploads\\\/elementor\\\/thumbs\\\/Copie-de-_DSC1316-nvmmecwv4km3mxsqffl1k7yel3zmdmncz5oiqc4pmg.jpg\",\"contentUrl\":\"https:\\\/\\\/adveniat-paris.org\\\/wp-content\\\/uploads\\\/elementor\\\/thumbs\\\/Copie-de-_DSC1316-nvmmecwv4km3mxsqffl1k7yel3zmdmncz5oiqc4pmg.jpg\"},{\"@type\":\"BreadcrumbList\",\"@id\":\"https:\\\/\\\/adveniat-paris.org\\\/es\\\/asi-damos-la-bienvenida-a-los-peregrinos\\\/#breadcrumb\",\"itemListElement\":[{\"@type\":\"ListItem\",\"position\":1,\"name\":\"Accueil\",\"item\":\"https:\\\/\\\/adveniat-paris.org\\\/es\\\/\"},{\"@type\":\"ListItem\",\"position\":2,\"name\":\"\u00a1As\u00ed damos la bienvenida a los peregrinos!\"}]},{\"@type\":\"WebSite\",\"@id\":\"https:\\\/\\\/adveniat-paris.org\\\/fr\\\/#website\",\"url\":\"https:\\\/\\\/adveniat-paris.org\\\/fr\\\/\",\"name\":\"Adveniat Paris\",\"description\":\"Auberge de jeunesse \u00e0 2 pas des Champs Elys\u00e9es\",\"publisher\":{\"@id\":\"https:\\\/\\\/adveniat-paris.org\\\/fr\\\/#organization\"},\"potentialAction\":[{\"@type\":\"SearchAction\",\"target\":{\"@type\":\"EntryPoint\",\"urlTemplate\":\"https:\\\/\\\/adveniat-paris.org\\\/fr\\\/?s={search_term_string}\"},\"query-input\":{\"@type\":\"PropertyValueSpecification\",\"valueRequired\":true,\"valueName\":\"search_term_string\"}}],\"inLanguage\":\"es\"},{\"@type\":\"Organization\",\"@id\":\"https:\\\/\\\/adveniat-paris.org\\\/fr\\\/#organization\",\"name\":\"Adveniat Paris\",\"url\":\"https:\\\/\\\/adveniat-paris.org\\\/fr\\\/\",\"logo\":{\"@type\":\"ImageObject\",\"inLanguage\":\"es\",\"@id\":\"https:\\\/\\\/adveniat-paris.org\\\/fr\\\/#\\\/schema\\\/logo\\\/image\\\/\",\"url\":\"https:\\\/\\\/adveniat-paris.org\\\/wp-content\\\/uploads\\\/Adveniat_logo_exe_Adveniat_logo_CMJN_baseline_blanc-1-e1737565095903.png\",\"contentUrl\":\"https:\\\/\\\/adveniat-paris.org\\\/wp-content\\\/uploads\\\/Adveniat_logo_exe_Adveniat_logo_CMJN_baseline_blanc-1-e1737565095903.png\",\"width\":1968,\"height\":613,\"caption\":\"Adveniat Paris\"},\"image\":{\"@id\":\"https:\\\/\\\/adveniat-paris.org\\\/fr\\\/#\\\/schema\\\/logo\\\/image\\\/\"}}]}<\/script>\n<!-- \/ Yoast SEO plugin. -->","yoast_head_json":{"title":"\u00a1As\u00ed damos la bienvenida a los peregrinos! - Albergue Adveniat Paris","description":"\u00bfHan venido a Par\u00eds como peregrinos para visitar la capilla de la Medalla Milagrosa, o las bas\u00edlicas de Notre-Dame-des-Victoires y Sacr\u00e9-C\u0153ur?","robots":{"index":"index","follow":"follow","max-snippet":"max-snippet:-1","max-image-preview":"max-image-preview:large","max-video-preview":"max-video-preview:-1"},"canonical":"https:\/\/adveniat-paris.org\/es\/asi-damos-la-bienvenida-a-los-peregrinos\/","og_locale":"es_ES","og_type":"article","og_title":"\u00a1As\u00ed damos la bienvenida a los peregrinos! - Albergue Adveniat Paris","og_description":"\u00bfHan venido a Par\u00eds como peregrinos para visitar la capilla de la Medalla Milagrosa, o las bas\u00edlicas de Notre-Dame-des-Victoires y Sacr\u00e9-C\u0153ur?","og_url":"https:\/\/adveniat-paris.org\/es\/asi-damos-la-bienvenida-a-los-peregrinos\/","og_site_name":"Adveniat Paris","article_modified_time":"2022-09-14T14:52:24+00:00","og_image":[{"url":"https:\/\/adveniat-paris.org\/wp-content\/uploads\/elementor\/thumbs\/Copie-de-_DSC1316-nvmmecwv4km3mxsqffl1k7yel3zmdmncz5oiqc4pmg.jpg","type":"","width":"","height":""}],"twitter_card":"summary_large_image","twitter_misc":{"Tiempo de lectura":"1 minuto"},"schema":{"@context":"https:\/\/schema.org","@graph":[{"@type":"WebPage","@id":"https:\/\/adveniat-paris.org\/es\/asi-damos-la-bienvenida-a-los-peregrinos\/","url":"https:\/\/adveniat-paris.org\/es\/asi-damos-la-bienvenida-a-los-peregrinos\/","name":"\u00a1As\u00ed damos la bienvenida a los peregrinos! - Albergue Adveniat Paris","isPartOf":{"@id":"https:\/\/adveniat-paris.org\/fr\/#website"},"primaryImageOfPage":{"@id":"https:\/\/adveniat-paris.org\/es\/asi-damos-la-bienvenida-a-los-peregrinos\/#primaryimage"},"image":{"@id":"https:\/\/adveniat-paris.org\/es\/asi-damos-la-bienvenida-a-los-peregrinos\/#primaryimage"},"thumbnailUrl":"https:\/\/adveniat-paris.org\/wp-content\/uploads\/elementor\/thumbs\/Copie-de-_DSC1316-nvmmecwv4km3mxsqffl1k7yel3zmdmncz5oiqc4pmg.jpg","datePublished":"2018-10-07T13:23:35+00:00","dateModified":"2022-09-14T14:52:24+00:00","description":"\u00bfHan venido a Par\u00eds como peregrinos para visitar la capilla de la Medalla Milagrosa, o las bas\u00edlicas de Notre-Dame-des-Victoires y Sacr\u00e9-C\u0153ur?","breadcrumb":{"@id":"https:\/\/adveniat-paris.org\/es\/asi-damos-la-bienvenida-a-los-peregrinos\/#breadcrumb"},"inLanguage":"es","potentialAction":[{"@type":"ReadAction","target":["https:\/\/adveniat-paris.org\/es\/asi-damos-la-bienvenida-a-los-peregrinos\/"]}]},{"@type":"ImageObject","inLanguage":"es","@id":"https:\/\/adveniat-paris.org\/es\/asi-damos-la-bienvenida-a-los-peregrinos\/#primaryimage","url":"https:\/\/adveniat-paris.org\/wp-content\/uploads\/elementor\/thumbs\/Copie-de-_DSC1316-nvmmecwv4km3mxsqffl1k7yel3zmdmncz5oiqc4pmg.jpg","contentUrl":"https:\/\/adveniat-paris.org\/wp-content\/uploads\/elementor\/thumbs\/Copie-de-_DSC1316-nvmmecwv4km3mxsqffl1k7yel3zmdmncz5oiqc4pmg.jpg"},{"@type":"BreadcrumbList","@id":"https:\/\/adveniat-paris.org\/es\/asi-damos-la-bienvenida-a-los-peregrinos\/#breadcrumb","itemListElement":[{"@type":"ListItem","position":1,"name":"Accueil","item":"https:\/\/adveniat-paris.org\/es\/"},{"@type":"ListItem","position":2,"name":"\u00a1As\u00ed damos la bienvenida a los peregrinos!"}]},{"@type":"WebSite","@id":"https:\/\/adveniat-paris.org\/fr\/#website","url":"https:\/\/adveniat-paris.org\/fr\/","name":"Adveniat Paris","description":"Auberge de jeunesse \u00e0 2 pas des Champs Elys\u00e9es","publisher":{"@id":"https:\/\/adveniat-paris.org\/fr\/#organization"},"potentialAction":[{"@type":"SearchAction","target":{"@type":"EntryPoint","urlTemplate":"https:\/\/adveniat-paris.org\/fr\/?s={search_term_string}"},"query-input":{"@type":"PropertyValueSpecification","valueRequired":true,"valueName":"search_term_string"}}],"inLanguage":"es"},{"@type":"Organization","@id":"https:\/\/adveniat-paris.org\/fr\/#organization","name":"Adveniat Paris","url":"https:\/\/adveniat-paris.org\/fr\/","logo":{"@type":"ImageObject","inLanguage":"es","@id":"https:\/\/adveniat-paris.org\/fr\/#\/schema\/logo\/image\/","url":"https:\/\/adveniat-paris.org\/wp-content\/uploads\/Adveniat_logo_exe_Adveniat_logo_CMJN_baseline_blanc-1-e1737565095903.png","contentUrl":"https:\/\/adveniat-paris.org\/wp-content\/uploads\/Adveniat_logo_exe_Adveniat_logo_CMJN_baseline_blanc-1-e1737565095903.png","width":1968,"height":613,"caption":"Adveniat Paris"},"image":{"@id":"https:\/\/adveniat-paris.org\/fr\/#\/schema\/logo\/image\/"}}]}},"_links":{"self":[{"href":"https:\/\/adveniat-paris.org\/es\/wp-json\/wp\/v2\/pages\/1122","targetHints":{"allow":["GET"]}}],"collection":[{"href":"https:\/\/adveniat-paris.org\/es\/wp-json\/wp\/v2\/pages"}],"about":[{"href":"https:\/\/adveniat-paris.org\/es\/wp-json\/wp\/v2\/types\/page"}],"author":[{"embeddable":true,"href":"https:\/\/adveniat-paris.org\/es\/wp-json\/wp\/v2\/users\/1"}],"replies":[{"embeddable":true,"href":"https:\/\/adveniat-paris.org\/es\/wp-json\/wp\/v2\/comments?post=1122"}],"version-history":[{"count":0,"href":"https:\/\/adveniat-paris.org\/es\/wp-json\/wp\/v2\/pages\/1122\/revisions"}],"wp:attachment":[{"href":"https:\/\/adveniat-paris.org\/es\/wp-json\/wp\/v2\/media?parent=1122"}],"curies":[{"name":"wp","href":"https:\/\/api.w.org\/{rel}","templated":true}]}}