{"id":1365,"date":"2018-07-13T16:17:12","date_gmt":"2018-07-13T14:17:12","guid":{"rendered":"https:\/\/adveniat-paris.org\/?page_id=1365"},"modified":"2023-02-09T16:49:18","modified_gmt":"2023-02-09T15:49:18","slug":"colabora","status":"publish","type":"page","link":"https:\/\/adveniat-paris.org\/es\/colabora\/","title":{"rendered":"Colabora"},"content":{"rendered":"\t\t<div data-elementor-type=\"wp-post\" data-elementor-id=\"1365\" class=\"elementor elementor-1365\" data-elementor-post-type=\"page\">\n\t\t\t\t\t\t<section class=\"elementor-section elementor-top-section elementor-element elementor-element-28d09a4a elementor-section-height-min-height elementor-section-items-bottom elementor-section-boxed elementor-section-height-default\" data-id=\"28d09a4a\" data-element_type=\"section\" data-e-type=\"section\" data-settings=\"{&quot;background_background&quot;:&quot;classic&quot;}\">\n\t\t\t\t\t\t<div class=\"elementor-container elementor-column-gap-default\">\n\t\t\t\t\t<div class=\"elementor-column elementor-col-100 elementor-top-column elementor-element elementor-element-44e44924\" data-id=\"44e44924\" data-element_type=\"column\" data-e-type=\"column\">\n\t\t\t<div class=\"elementor-widget-wrap elementor-element-populated\">\n\t\t\t\t\t\t<div class=\"elementor-element elementor-element-6a13483 elementor-widget elementor-widget-heading\" data-id=\"6a13483\" data-element_type=\"widget\" data-e-type=\"widget\" data-widget_type=\"heading.default\">\n\t\t\t\t<div class=\"elementor-widget-container\">\n\t\t\t\t\t<h2 class=\"elementor-heading-title elementor-size-default\">Colabora<\/h2>\t\t\t\t<\/div>\n\t\t\t\t<\/div>\n\t\t\t\t\t<\/div>\n\t\t<\/div>\n\t\t\t\t\t<\/div>\n\t\t<\/section>\n\t\t\t\t<section class=\"elementor-section elementor-top-section elementor-element elementor-element-6c98c18 elementor-section-boxed elementor-section-height-default elementor-section-height-default\" data-id=\"6c98c18\" data-element_type=\"section\" data-e-type=\"section\">\n\t\t\t\t\t\t<div class=\"elementor-container elementor-column-gap-default\">\n\t\t\t\t\t<div class=\"elementor-column elementor-col-100 elementor-top-column elementor-element elementor-element-07264b8\" data-id=\"07264b8\" data-element_type=\"column\" data-e-type=\"column\">\n\t\t\t<div class=\"elementor-widget-wrap elementor-element-populated\">\n\t\t\t\t\t\t<div class=\"elementor-element elementor-element-86345a0 elementor-widget elementor-widget-heading\" data-id=\"86345a0\" data-element_type=\"widget\" data-e-type=\"widget\" data-widget_type=\"heading.default\">\n\t\t\t\t<div class=\"elementor-widget-container\">\n\t\t\t\t\t<h2 class=\"elementor-heading-title elementor-size-default\">Haz donaciones a la asociaci\u00f3n Auberge Adveniat<\/h2>\t\t\t\t<\/div>\n\t\t\t\t<\/div>\n\t\t\t\t<div class=\"elementor-element elementor-element-0177e25 elementor-widget elementor-widget-text-editor\" data-id=\"0177e25\" data-element_type=\"widget\" data-e-type=\"widget\" data-widget_type=\"text-editor.default\">\n\t\t\t\t<div class=\"elementor-widget-container\">\n\t\t\t\t\t\t\t\t\t<p>La apertura del albergue Adveniat ha supuesto una inversi\u00f3n importante para la congregaci\u00f3n de los Agustinos de la Asunci\u00f3n en dos sentidos:<\/p><ul><li>Inversi\u00f3n humana en un contexto en el que las vocaciones son escasas.<\/li><li>Inversi\u00f3n financiera de gran consideraci\u00f3n.<\/li><\/ul><p>Tuvimos que negociar un pr\u00e9stamo bancario para poder reformar el edificio en un albergue. La devoluci\u00f3n del mismo pesa bastante sobre las cuentas.<\/p><p>\u00a1Ay\u00fadanos a continuar con este proyecto que se pone en servicio de la Iglesia! Buscamos ayuda financiera para ayudar a sufragar los trabajos de acondicionamiento de las instalaciones del Albergue cristiano Adveniat.<\/p><p>La asociaci\u00f3n Auberge Adveniat est\u00e1 oficialmente reconocida como de utilidad p\u00fablica, por lo que son de aplicaci\u00f3n ciertas leyes que promueven las donaciones a este tipo de asociaciones.<\/p>\t\t\t\t\t\t\t\t<\/div>\n\t\t\t\t<\/div>\n\t\t\t\t\t<\/div>\n\t\t<\/div>\n\t\t\t\t\t<\/div>\n\t\t<\/section>\n\t\t\t\t<section class=\"elementor-section elementor-top-section elementor-element elementor-element-8c75795 elementor-section-boxed elementor-section-height-default elementor-section-height-default\" data-id=\"8c75795\" data-element_type=\"section\" data-e-type=\"section\">\n\t\t\t\t\t\t<div class=\"elementor-container elementor-column-gap-default\">\n\t\t\t\t\t<div class=\"elementor-column elementor-col-100 elementor-top-column elementor-element elementor-element-401115e\" data-id=\"401115e\" data-element_type=\"column\" data-e-type=\"column\">\n\t\t\t<div class=\"elementor-widget-wrap elementor-element-populated\">\n\t\t\t\t\t\t<div class=\"elementor-element elementor-element-553d150 elementor-widget elementor-widget-heading\" data-id=\"553d150\" data-element_type=\"widget\" data-e-type=\"widget\" data-widget_type=\"heading.default\">\n\t\t\t\t<div class=\"elementor-widget-container\">\n\t\t\t\t\t<h2 class=\"elementor-heading-title elementor-size-default\">En este sentido, cabe destacar que la legislaci\u00f3n francesa define las siguientes medidas de acci\u00f3n positiva:<\/h2>\t\t\t\t<\/div>\n\t\t\t\t<\/div>\n\t\t\t\t<div class=\"elementor-element elementor-element-4d2d24b elementor-widget elementor-widget-text-editor\" data-id=\"4d2d24b\" data-element_type=\"widget\" data-e-type=\"widget\" data-widget_type=\"text-editor.default\">\n\t\t\t\t<div class=\"elementor-widget-container\">\n\t\t\t\t\t\t\t\t\t<ol><li>Reducci\u00f3n de impuestos por un valor correspondiente al 60% del importe de las donaciones realizadas para asociaciones y fundaciones de utilidad p\u00fablica.<\/li><li>El l\u00edmite m\u00e1ximo de dicha reducci\u00f3n ser\u00e1 del 20% si el ingreso de la donaci\u00f3n no puede ser gravado por ning\u00fan impuesto o tributo.<\/li><li>La reducci\u00f3n de impuestos est\u00e1 limitada a cinco a\u00f1os. De esta manera se pretende favorecer las donaciones importantes que sobrepasen el l\u00edmite del 20%.<\/li><li>Un heredero est\u00e1 autorizado a reducir su base impositiva sobre los derechos de sucesi\u00f3n gracias a las donaciones sobre asociaciones de utilidad p\u00fablica.<\/li><\/ol>\t\t\t\t\t\t\t\t<\/div>\n\t\t\t\t<\/div>\n\t\t\t\t\t<\/div>\n\t\t<\/div>\n\t\t\t\t\t<\/div>\n\t\t<\/section>\n\t\t\t\t<section class=\"elementor-section elementor-top-section elementor-element elementor-element-80781e9 elementor-section-boxed elementor-section-height-default elementor-section-height-default\" data-id=\"80781e9\" data-element_type=\"section\" data-e-type=\"section\">\n\t\t\t\t\t\t<div class=\"elementor-container elementor-column-gap-default\">\n\t\t\t\t\t<div class=\"elementor-column elementor-col-100 elementor-top-column elementor-element elementor-element-7242a97\" data-id=\"7242a97\" data-element_type=\"column\" data-e-type=\"column\">\n\t\t\t<div class=\"elementor-widget-wrap elementor-element-populated\">\n\t\t\t\t\t\t<div class=\"elementor-element elementor-element-3878027 elementor-widget elementor-widget-text-editor\" data-id=\"3878027\" data-element_type=\"widget\" data-e-type=\"widget\" data-widget_type=\"text-editor.default\">\n\t\t\t\t<div class=\"elementor-widget-container\">\n\t\t\t\t\t\t\t\t\t<p><strong>Los cheques a favor de la asociaci\u00f3n Auberge Adveniat <\/strong> pueden ser enviados a esta direcci\u00f3n:<br>Association Auberge Adveniat<br>10 rue Fran\u00e7ois 1<sup>er<\/sup>, 75008 Paris<br>@:&nbsp;<a href=\"mailto:adveniat@assomption.org\">contact@adveniat-paris.org<\/a><\/p>\t\t\t\t\t\t\t\t<\/div>\n\t\t\t\t<\/div>\n\t\t\t\t\t<\/div>\n\t\t<\/div>\n\t\t\t\t\t<\/div>\n\t\t<\/section>\n\t\t\t\t<\/div>\n\t\t","protected":false},"excerpt":{"rendered":"<p>Colabora Haz donaciones a la asociaci\u00f3n Auberge Adveniat La apertura del albergue Adveniat ha supuesto una inversi\u00f3n importante para la congregaci\u00f3n de los Agustinos de la Asunci\u00f3n en dos sentidos: Inversi\u00f3n humana en un contexto en el que las vocaciones son escasas. Inversi\u00f3n financiera de gran consideraci\u00f3n. Tuvimos que negociar un pr\u00e9stamo bancario para poder [&hellip;]<\/p>\n","protected":false},"author":1,"featured_media":0,"parent":0,"menu_order":0,"comment_status":"closed","ping_status":"closed","template":"","meta":{"om_disable_all_campaigns":false,"_monsterinsights_skip_tracking":false,"_monsterinsights_sitenote_active":false,"_monsterinsights_sitenote_note":"","_monsterinsights_sitenote_category":0,"_uf_show_specific_survey":0,"_uf_disable_surveys":false,"footnotes":""},"class_list":["post-1365","page","type-page","status-publish","hentry"],"aioseo_notices":[],"yoast_head":"<!-- This site is optimized with the Yoast SEO plugin v27.6 - https:\/\/yoast.com\/product\/yoast-seo-wordpress\/ -->\n<title>Colabora per donaciones - Albergue Adveniat Paris<\/title>\n<meta name=\"description\" content=\"La asociaci\u00f3n Auberge Adveniat est\u00e1 reconocida como de utilidad p\u00fablica. Ciertas leyes promueven las donaciones a este tipo de asociaciones.\" \/>\n<meta name=\"robots\" content=\"index, follow, max-snippet:-1, max-image-preview:large, max-video-preview:-1\" \/>\n<link rel=\"canonical\" href=\"https:\/\/adveniat-paris.org\/es\/colabora\/\" \/>\n<meta property=\"og:locale\" content=\"es_ES\" \/>\n<meta property=\"og:type\" content=\"article\" \/>\n<meta property=\"og:title\" content=\"Colabora per donaciones - Albergue Adveniat Paris\" \/>\n<meta property=\"og:description\" content=\"La asociaci\u00f3n Auberge Adveniat est\u00e1 reconocida como de utilidad p\u00fablica. Ciertas leyes promueven las donaciones a este tipo de asociaciones.\" \/>\n<meta property=\"og:url\" content=\"https:\/\/adveniat-paris.org\/es\/colabora\/\" \/>\n<meta property=\"og:site_name\" content=\"Adveniat Paris\" \/>\n<meta property=\"article:modified_time\" content=\"2023-02-09T15:49:18+00:00\" \/>\n<meta name=\"twitter:card\" content=\"summary_large_image\" \/>\n<meta name=\"twitter:label1\" content=\"Tiempo de lectura\" \/>\n\t<meta name=\"twitter:data1\" content=\"2 minutos\" \/>\n<script type=\"application\/ld+json\" class=\"yoast-schema-graph\">{\"@context\":\"https:\\\/\\\/schema.org\",\"@graph\":[{\"@type\":\"WebPage\",\"@id\":\"https:\\\/\\\/adveniat-paris.org\\\/es\\\/colabora\\\/\",\"url\":\"https:\\\/\\\/adveniat-paris.org\\\/es\\\/colabora\\\/\",\"name\":\"Colabora per donaciones - Albergue Adveniat Paris\",\"isPartOf\":{\"@id\":\"https:\\\/\\\/adveniat-paris.org\\\/fr\\\/#website\"},\"datePublished\":\"2018-07-13T14:17:12+00:00\",\"dateModified\":\"2023-02-09T15:49:18+00:00\",\"description\":\"La asociaci\u00f3n Auberge Adveniat est\u00e1 reconocida como de utilidad p\u00fablica. Ciertas leyes promueven las donaciones a este tipo de asociaciones.\",\"breadcrumb\":{\"@id\":\"https:\\\/\\\/adveniat-paris.org\\\/es\\\/colabora\\\/#breadcrumb\"},\"inLanguage\":\"es\",\"potentialAction\":[{\"@type\":\"ReadAction\",\"target\":[\"https:\\\/\\\/adveniat-paris.org\\\/es\\\/colabora\\\/\"]}]},{\"@type\":\"BreadcrumbList\",\"@id\":\"https:\\\/\\\/adveniat-paris.org\\\/es\\\/colabora\\\/#breadcrumb\",\"itemListElement\":[{\"@type\":\"ListItem\",\"position\":1,\"name\":\"Accueil\",\"item\":\"https:\\\/\\\/adveniat-paris.org\\\/es\\\/\"},{\"@type\":\"ListItem\",\"position\":2,\"name\":\"Colabora\"}]},{\"@type\":\"WebSite\",\"@id\":\"https:\\\/\\\/adveniat-paris.org\\\/fr\\\/#website\",\"url\":\"https:\\\/\\\/adveniat-paris.org\\\/fr\\\/\",\"name\":\"Adveniat Paris\",\"description\":\"Auberge de jeunesse \u00e0 2 pas des Champs Elys\u00e9es\",\"publisher\":{\"@id\":\"https:\\\/\\\/adveniat-paris.org\\\/fr\\\/#organization\"},\"potentialAction\":[{\"@type\":\"SearchAction\",\"target\":{\"@type\":\"EntryPoint\",\"urlTemplate\":\"https:\\\/\\\/adveniat-paris.org\\\/fr\\\/?s={search_term_string}\"},\"query-input\":{\"@type\":\"PropertyValueSpecification\",\"valueRequired\":true,\"valueName\":\"search_term_string\"}}],\"inLanguage\":\"es\"},{\"@type\":\"Organization\",\"@id\":\"https:\\\/\\\/adveniat-paris.org\\\/fr\\\/#organization\",\"name\":\"Adveniat Paris\",\"url\":\"https:\\\/\\\/adveniat-paris.org\\\/fr\\\/\",\"logo\":{\"@type\":\"ImageObject\",\"inLanguage\":\"es\",\"@id\":\"https:\\\/\\\/adveniat-paris.org\\\/fr\\\/#\\\/schema\\\/logo\\\/image\\\/\",\"url\":\"https:\\\/\\\/adveniat-paris.org\\\/wp-content\\\/uploads\\\/Adveniat_logo_exe_Adveniat_logo_CMJN_baseline_blanc-1-e1737565095903.png\",\"contentUrl\":\"https:\\\/\\\/adveniat-paris.org\\\/wp-content\\\/uploads\\\/Adveniat_logo_exe_Adveniat_logo_CMJN_baseline_blanc-1-e1737565095903.png\",\"width\":1968,\"height\":613,\"caption\":\"Adveniat Paris\"},\"image\":{\"@id\":\"https:\\\/\\\/adveniat-paris.org\\\/fr\\\/#\\\/schema\\\/logo\\\/image\\\/\"}}]}<\/script>\n<!-- \/ Yoast SEO plugin. -->","yoast_head_json":{"title":"Colabora per donaciones - Albergue Adveniat Paris","description":"La asociaci\u00f3n Auberge Adveniat est\u00e1 reconocida como de utilidad p\u00fablica. Ciertas leyes promueven las donaciones a este tipo de asociaciones.","robots":{"index":"index","follow":"follow","max-snippet":"max-snippet:-1","max-image-preview":"max-image-preview:large","max-video-preview":"max-video-preview:-1"},"canonical":"https:\/\/adveniat-paris.org\/es\/colabora\/","og_locale":"es_ES","og_type":"article","og_title":"Colabora per donaciones - Albergue Adveniat Paris","og_description":"La asociaci\u00f3n Auberge Adveniat est\u00e1 reconocida como de utilidad p\u00fablica. Ciertas leyes promueven las donaciones a este tipo de asociaciones.","og_url":"https:\/\/adveniat-paris.org\/es\/colabora\/","og_site_name":"Adveniat Paris","article_modified_time":"2023-02-09T15:49:18+00:00","twitter_card":"summary_large_image","twitter_misc":{"Tiempo de lectura":"2 minutos"},"schema":{"@context":"https:\/\/schema.org","@graph":[{"@type":"WebPage","@id":"https:\/\/adveniat-paris.org\/es\/colabora\/","url":"https:\/\/adveniat-paris.org\/es\/colabora\/","name":"Colabora per donaciones - Albergue Adveniat Paris","isPartOf":{"@id":"https:\/\/adveniat-paris.org\/fr\/#website"},"datePublished":"2018-07-13T14:17:12+00:00","dateModified":"2023-02-09T15:49:18+00:00","description":"La asociaci\u00f3n Auberge Adveniat est\u00e1 reconocida como de utilidad p\u00fablica. Ciertas leyes promueven las donaciones a este tipo de asociaciones.","breadcrumb":{"@id":"https:\/\/adveniat-paris.org\/es\/colabora\/#breadcrumb"},"inLanguage":"es","potentialAction":[{"@type":"ReadAction","target":["https:\/\/adveniat-paris.org\/es\/colabora\/"]}]},{"@type":"BreadcrumbList","@id":"https:\/\/adveniat-paris.org\/es\/colabora\/#breadcrumb","itemListElement":[{"@type":"ListItem","position":1,"name":"Accueil","item":"https:\/\/adveniat-paris.org\/es\/"},{"@type":"ListItem","position":2,"name":"Colabora"}]},{"@type":"WebSite","@id":"https:\/\/adveniat-paris.org\/fr\/#website","url":"https:\/\/adveniat-paris.org\/fr\/","name":"Adveniat Paris","description":"Auberge de jeunesse \u00e0 2 pas des Champs Elys\u00e9es","publisher":{"@id":"https:\/\/adveniat-paris.org\/fr\/#organization"},"potentialAction":[{"@type":"SearchAction","target":{"@type":"EntryPoint","urlTemplate":"https:\/\/adveniat-paris.org\/fr\/?s={search_term_string}"},"query-input":{"@type":"PropertyValueSpecification","valueRequired":true,"valueName":"search_term_string"}}],"inLanguage":"es"},{"@type":"Organization","@id":"https:\/\/adveniat-paris.org\/fr\/#organization","name":"Adveniat Paris","url":"https:\/\/adveniat-paris.org\/fr\/","logo":{"@type":"ImageObject","inLanguage":"es","@id":"https:\/\/adveniat-paris.org\/fr\/#\/schema\/logo\/image\/","url":"https:\/\/adveniat-paris.org\/wp-content\/uploads\/Adveniat_logo_exe_Adveniat_logo_CMJN_baseline_blanc-1-e1737565095903.png","contentUrl":"https:\/\/adveniat-paris.org\/wp-content\/uploads\/Adveniat_logo_exe_Adveniat_logo_CMJN_baseline_blanc-1-e1737565095903.png","width":1968,"height":613,"caption":"Adveniat Paris"},"image":{"@id":"https:\/\/adveniat-paris.org\/fr\/#\/schema\/logo\/image\/"}}]}},"_links":{"self":[{"href":"https:\/\/adveniat-paris.org\/es\/wp-json\/wp\/v2\/pages\/1365","targetHints":{"allow":["GET"]}}],"collection":[{"href":"https:\/\/adveniat-paris.org\/es\/wp-json\/wp\/v2\/pages"}],"about":[{"href":"https:\/\/adveniat-paris.org\/es\/wp-json\/wp\/v2\/types\/page"}],"author":[{"embeddable":true,"href":"https:\/\/adveniat-paris.org\/es\/wp-json\/wp\/v2\/users\/1"}],"replies":[{"embeddable":true,"href":"https:\/\/adveniat-paris.org\/es\/wp-json\/wp\/v2\/comments?post=1365"}],"version-history":[{"count":0,"href":"https:\/\/adveniat-paris.org\/es\/wp-json\/wp\/v2\/pages\/1365\/revisions"}],"wp:attachment":[{"href":"https:\/\/adveniat-paris.org\/es\/wp-json\/wp\/v2\/media?parent=1365"}],"curies":[{"name":"wp","href":"https:\/\/api.w.org\/{rel}","templated":true}]}}