{"id":192,"date":"2018-07-13T16:12:59","date_gmt":"2018-07-13T14:12:59","guid":{"rendered":"https:\/\/adveniat-paris.org\/?page_id=192"},"modified":"2025-01-31T18:20:34","modified_gmt":"2025-01-31T17:20:34","slug":"pelerinage","status":"publish","type":"page","link":"https:\/\/adveniat-paris.org\/fr\/pelerinage\/","title":{"rendered":"Accueil des p\u00e8lerins"},"content":{"rendered":"\t\t<div data-elementor-type=\"wp-post\" data-elementor-id=\"192\" class=\"elementor elementor-192\" data-elementor-post-type=\"page\">\n\t\t\t\t\t\t<section class=\"elementor-section elementor-top-section elementor-element elementor-element-63262c7e elementor-section-height-min-height elementor-section-boxed elementor-section-height-default elementor-section-items-middle\" data-id=\"63262c7e\" data-element_type=\"section\" data-e-type=\"section\" data-settings=\"{&quot;background_background&quot;:&quot;classic&quot;}\">\n\t\t\t\t\t\t<div class=\"elementor-container elementor-column-gap-default\">\n\t\t\t\t\t<div class=\"elementor-column elementor-col-100 elementor-top-column elementor-element elementor-element-16cc2ab0\" data-id=\"16cc2ab0\" data-element_type=\"column\" data-e-type=\"column\">\n\t\t\t<div class=\"elementor-widget-wrap elementor-element-populated\">\n\t\t\t\t\t\t<div class=\"elementor-element elementor-element-170a946 elementor-widget elementor-widget-heading\" data-id=\"170a946\" data-element_type=\"widget\" data-e-type=\"widget\" data-widget_type=\"heading.default\">\n\t\t\t\t<div class=\"elementor-widget-container\">\n\t\t\t\t\t<h2 class=\"elementor-heading-title elementor-size-default\">Bienvenue<br>\naux p\u00e8lerins\u00a0!<\/h2>\t\t\t\t<\/div>\n\t\t\t\t<\/div>\n\t\t\t\t\t<\/div>\n\t\t<\/div>\n\t\t\t\t\t<\/div>\n\t\t<\/section>\n\t\t\t\t<section class=\"elementor-section elementor-top-section elementor-element elementor-element-1ca4ae2 elementor-section-boxed elementor-section-height-default elementor-section-height-default\" data-id=\"1ca4ae2\" data-element_type=\"section\" data-e-type=\"section\">\n\t\t\t\t\t\t<div class=\"elementor-container elementor-column-gap-default\">\n\t\t\t\t\t<div class=\"elementor-column elementor-col-100 elementor-top-column elementor-element elementor-element-7a990b9\" data-id=\"7a990b9\" data-element_type=\"column\" data-e-type=\"column\">\n\t\t\t<div class=\"elementor-widget-wrap elementor-element-populated\">\n\t\t\t\t\t\t<div class=\"elementor-element elementor-element-6ad4e04 elementor-align-center distributor elementor-widget elementor-widget-button\" data-id=\"6ad4e04\" data-element_type=\"widget\" data-e-type=\"widget\" data-widget_type=\"button.default\">\n\t\t\t\t<div class=\"elementor-widget-container\">\n\t\t\t\t\t\t\t\t\t<div class=\"elementor-button-wrapper\">\n\t\t\t\t\t<a class=\"elementor-button elementor-button-link elementor-size-xl elementor-animation-grow\" href=\"#\">\n\t\t\t\t\t\t<span class=\"elementor-button-content-wrapper\">\n\t\t\t\t\t\t\t\t\t<span class=\"elementor-button-text\">R\u00e9server<\/span>\n\t\t\t\t\t<\/span>\n\t\t\t\t\t<\/a>\n\t\t\t\t<\/div>\n\t\t\t\t\t\t\t\t<\/div>\n\t\t\t\t<\/div>\n\t\t\t\t\t<\/div>\n\t\t<\/div>\n\t\t\t\t\t<\/div>\n\t\t<\/section>\n\t\t\t\t<section class=\"elementor-section elementor-top-section elementor-element elementor-element-ce1cce0 elementor-section-boxed elementor-section-height-default elementor-section-height-default\" data-id=\"ce1cce0\" data-element_type=\"section\" data-e-type=\"section\">\n\t\t\t\t\t\t<div class=\"elementor-container elementor-column-gap-default\">\n\t\t\t\t\t<div class=\"elementor-column elementor-col-33 elementor-top-column elementor-element elementor-element-e9618ee\" data-id=\"e9618ee\" data-element_type=\"column\" data-e-type=\"column\">\n\t\t\t<div class=\"elementor-widget-wrap elementor-element-populated\">\n\t\t\t\t\t\t<div class=\"elementor-element elementor-element-228fa3b elementor-widget elementor-widget-image\" data-id=\"228fa3b\" data-element_type=\"widget\" data-e-type=\"widget\" data-widget_type=\"image.default\">\n\t\t\t\t<div class=\"elementor-widget-container\">\n\t\t\t\t\t\t\t\t\t\t\t\t\t\t\t<img decoding=\"async\" src=\"https:\/\/adveniat-paris.org\/wp-content\/uploads\/elementor\/thumbs\/Copie-de-_DSC1316-nvmmecwv4km3mxsqffl1k7yel3zmdmncz5oiqc4pmg.jpg\" title=\"\" alt=\"P\u00e8lerins - Adveniat Auberge de Jeunesse Paris Centre Champs Elys\u00e9es\" class=\"elementor-animation-grow\" loading=\"lazy\" \/>\t\t\t\t\t\t\t\t\t\t\t\t\t\t\t<\/div>\n\t\t\t\t<\/div>\n\t\t\t\t\t<\/div>\n\t\t<\/div>\n\t\t\t\t<div class=\"elementor-column elementor-col-66 elementor-top-column elementor-element elementor-element-b7db03e\" data-id=\"b7db03e\" data-element_type=\"column\" data-e-type=\"column\">\n\t\t\t<div class=\"elementor-widget-wrap elementor-element-populated\">\n\t\t\t\t\t\t<div class=\"elementor-element elementor-element-944dc25 elementor-widget elementor-widget-text-editor\" data-id=\"944dc25\" data-element_type=\"widget\" data-e-type=\"widget\" data-widget_type=\"text-editor.default\">\n\t\t\t\t<div class=\"elementor-widget-container\">\n\t\t\t\t\t\t\t\t\t<p>Vous venez faire un p\u00e8lerinage \u00e0 Paris pour visiter la chapelle de la M\u00e9daille Miraculeuse, la basilique Notre-Dame-des-Victoires, ou la basilique du Sacr\u00e9-C\u0153ur ? Vous passez par Paris comme \u00e9tape sur votre chemin vers Lourdes, Saint Jacques de Compostelle ou Taiz\u00e9 ? L\u2019auberge de jeunesse chr\u00e9tienne Adveniat vous accueille !<\/p>\n<p>Au moment de votre arriv\u00e9e, merci de nous montrer votre Cr\u00e9dencial&nbsp; pour b\u00e9n\u00e9ficier d&rsquo;une serviette de toilette en location offerte.&nbsp;<\/p>\t\t\t\t\t\t\t\t<\/div>\n\t\t\t\t<\/div>\n\t\t\t\t\t<\/div>\n\t\t<\/div>\n\t\t\t\t\t<\/div>\n\t\t<\/section>\n\t\t\t\t<section class=\"elementor-section elementor-top-section elementor-element elementor-element-77051ec elementor-section-boxed elementor-section-height-default elementor-section-height-default\" data-id=\"77051ec\" data-element_type=\"section\" data-e-type=\"section\">\n\t\t\t\t\t\t<div class=\"elementor-container elementor-column-gap-default\">\n\t\t\t\t\t<div class=\"elementor-column elementor-col-33 elementor-top-column elementor-element elementor-element-97ab339\" data-id=\"97ab339\" data-element_type=\"column\" data-e-type=\"column\">\n\t\t\t<div class=\"elementor-widget-wrap elementor-element-populated\">\n\t\t\t\t\t\t<div class=\"elementor-element elementor-element-114e57d elementor-align-center elementor-widget elementor-widget-button\" data-id=\"114e57d\" data-element_type=\"widget\" data-e-type=\"widget\" data-widget_type=\"button.default\">\n\t\t\t\t<div class=\"elementor-widget-container\">\n\t\t\t\t\t\t\t\t\t<div class=\"elementor-button-wrapper\">\n\t\t\t\t\t<a class=\"elementor-button elementor-button-link elementor-size-lg elementor-animation-shrink\" href=\"https:\/\/adveniat-paris.org\/auberge\/\">\n\t\t\t\t\t\t<span class=\"elementor-button-content-wrapper\">\n\t\t\t\t\t\t\t\t\t<span class=\"elementor-button-text\">En savoir plus sur l'auberge<\/span>\n\t\t\t\t\t<\/span>\n\t\t\t\t\t<\/a>\n\t\t\t\t<\/div>\n\t\t\t\t\t\t\t\t<\/div>\n\t\t\t\t<\/div>\n\t\t\t\t\t<\/div>\n\t\t<\/div>\n\t\t\t\t<div class=\"elementor-column elementor-col-33 elementor-top-column elementor-element elementor-element-bc32e9e\" data-id=\"bc32e9e\" data-element_type=\"column\" data-e-type=\"column\">\n\t\t\t<div class=\"elementor-widget-wrap elementor-element-populated\">\n\t\t\t\t\t\t<div class=\"elementor-element elementor-element-6a65dc7 elementor-align-center elementor-widget elementor-widget-button\" data-id=\"6a65dc7\" data-element_type=\"widget\" data-e-type=\"widget\" data-widget_type=\"button.default\">\n\t\t\t\t<div class=\"elementor-widget-container\">\n\t\t\t\t\t\t\t\t\t<div class=\"elementor-button-wrapper\">\n\t\t\t\t\t<a class=\"elementor-button elementor-button-link elementor-size-lg elementor-animation-shrink\" href=\"https:\/\/adveniat-paris.org\/fr\/chambres-et-tarifs\/\">\n\t\t\t\t\t\t<span class=\"elementor-button-content-wrapper\">\n\t\t\t\t\t\t\t\t\t<span class=\"elementor-button-text\">En savoir plus sur les chambres<\/span>\n\t\t\t\t\t<\/span>\n\t\t\t\t\t<\/a>\n\t\t\t\t<\/div>\n\t\t\t\t\t\t\t\t<\/div>\n\t\t\t\t<\/div>\n\t\t\t\t\t<\/div>\n\t\t<\/div>\n\t\t\t\t<div class=\"elementor-column elementor-col-33 elementor-top-column elementor-element elementor-element-889b204\" data-id=\"889b204\" data-element_type=\"column\" data-e-type=\"column\">\n\t\t\t<div class=\"elementor-widget-wrap elementor-element-populated\">\n\t\t\t\t\t\t<div class=\"elementor-element elementor-element-2181a8c elementor-align-center distributor elementor-widget elementor-widget-button\" data-id=\"2181a8c\" data-element_type=\"widget\" data-e-type=\"widget\" data-widget_type=\"button.default\">\n\t\t\t\t<div class=\"elementor-widget-container\">\n\t\t\t\t\t\t\t\t\t<div class=\"elementor-button-wrapper\">\n\t\t\t\t\t<a class=\"elementor-button elementor-button-link elementor-size-lg elementor-animation-grow\" href=\"#\">\n\t\t\t\t\t\t<span class=\"elementor-button-content-wrapper\">\n\t\t\t\t\t\t\t\t\t<span class=\"elementor-button-text\">r\u00e9server<\/span>\n\t\t\t\t\t<\/span>\n\t\t\t\t\t<\/a>\n\t\t\t\t<\/div>\n\t\t\t\t\t\t\t\t<\/div>\n\t\t\t\t<\/div>\n\t\t\t\t\t<\/div>\n\t\t<\/div>\n\t\t\t\t\t<\/div>\n\t\t<\/section>\n\t\t\t\t<\/div>\n\t\t","protected":false},"excerpt":{"rendered":"<p>Bienvenue aux p\u00e8lerins\u00a0! R\u00e9server Vous venez faire un p\u00e8lerinage \u00e0 Paris pour visiter la chapelle de la M\u00e9daille Miraculeuse, la basilique Notre-Dame-des-Victoires, ou la basilique du Sacr\u00e9-C\u0153ur ? Vous passez par Paris comme \u00e9tape sur votre chemin vers Lourdes, Saint Jacques de Compostelle ou Taiz\u00e9 ? L\u2019auberge de jeunesse chr\u00e9tienne Adveniat vous accueille ! Au [&hellip;]<\/p>\n","protected":false},"author":1,"featured_media":0,"parent":0,"menu_order":0,"comment_status":"closed","ping_status":"closed","template":"","meta":{"om_disable_all_campaigns":false,"_monsterinsights_skip_tracking":false,"_monsterinsights_sitenote_active":false,"_monsterinsights_sitenote_note":"","_monsterinsights_sitenote_category":0,"_uf_show_specific_survey":0,"_uf_disable_surveys":false,"footnotes":""},"class_list":["post-192","page","type-page","status-publish","hentry"],"aioseo_notices":[],"yoast_head":"<!-- This site is optimized with the Yoast SEO plugin v27.5 - https:\/\/yoast.com\/product\/yoast-seo-wordpress\/ -->\n<title>Accueil p\u00e8lerinage - Auberge de jeunesse Adveniat Paris<\/title>\n<meta name=\"description\" content=\"Vous venez faire un p\u00e8lerinage \u00e0 Paris pour visiter ses admirables sanctuaires ? Vous \u00eates prioritaires chez nous en terme d&#039;h\u00e9bergement !\" \/>\n<meta name=\"robots\" content=\"index, follow, max-snippet:-1, max-image-preview:large, max-video-preview:-1\" \/>\n<link rel=\"canonical\" href=\"https:\/\/adveniat-paris.org\/fr\/pelerinage\/\" \/>\n<meta property=\"og:locale\" content=\"fr_FR\" \/>\n<meta property=\"og:type\" content=\"article\" \/>\n<meta property=\"og:title\" content=\"Accueil p\u00e8lerinage - Auberge de jeunesse Adveniat Paris\" \/>\n<meta property=\"og:description\" content=\"Vous venez faire un p\u00e8lerinage \u00e0 Paris pour visiter ses admirables sanctuaires ? Vous \u00eates prioritaires chez nous en terme d&#039;h\u00e9bergement !\" \/>\n<meta property=\"og:url\" content=\"https:\/\/adveniat-paris.org\/fr\/pelerinage\/\" \/>\n<meta property=\"og:site_name\" content=\"Adveniat Paris\" \/>\n<meta property=\"article:modified_time\" content=\"2025-01-31T17:20:34+00:00\" \/>\n<meta property=\"og:image\" content=\"https:\/\/adveniat-paris.org\/wp-content\/uploads\/elementor\/thumbs\/Copie-de-_DSC1316-nvmmecwv4km3mxsqffl1k7yel3zmdmncz5oiqc4pmg.jpg\" \/>\n<meta name=\"twitter:card\" content=\"summary_large_image\" \/>\n<meta name=\"twitter:label1\" content=\"Dur\u00e9e de lecture estim\u00e9e\" \/>\n\t<meta name=\"twitter:data1\" content=\"1 minute\" \/>\n<script type=\"application\/ld+json\" class=\"yoast-schema-graph\">{\"@context\":\"https:\\\/\\\/schema.org\",\"@graph\":[{\"@type\":\"WebPage\",\"@id\":\"https:\\\/\\\/adveniat-paris.org\\\/fr\\\/pelerinage\\\/\",\"url\":\"https:\\\/\\\/adveniat-paris.org\\\/fr\\\/pelerinage\\\/\",\"name\":\"Accueil p\u00e8lerinage - Auberge de jeunesse Adveniat Paris\",\"isPartOf\":{\"@id\":\"https:\\\/\\\/adveniat-paris.org\\\/fr\\\/#website\"},\"primaryImageOfPage\":{\"@id\":\"https:\\\/\\\/adveniat-paris.org\\\/fr\\\/pelerinage\\\/#primaryimage\"},\"image\":{\"@id\":\"https:\\\/\\\/adveniat-paris.org\\\/fr\\\/pelerinage\\\/#primaryimage\"},\"thumbnailUrl\":\"https:\\\/\\\/adveniat-paris.org\\\/wp-content\\\/uploads\\\/elementor\\\/thumbs\\\/Copie-de-_DSC1316-nvmmecwv4km3mxsqffl1k7yel3zmdmncz5oiqc4pmg.jpg\",\"datePublished\":\"2018-07-13T14:12:59+00:00\",\"dateModified\":\"2025-01-31T17:20:34+00:00\",\"description\":\"Vous venez faire un p\u00e8lerinage \u00e0 Paris pour visiter ses admirables sanctuaires ? Vous \u00eates prioritaires chez nous en terme d'h\u00e9bergement !\",\"breadcrumb\":{\"@id\":\"https:\\\/\\\/adveniat-paris.org\\\/fr\\\/pelerinage\\\/#breadcrumb\"},\"inLanguage\":\"fr-FR\",\"potentialAction\":[{\"@type\":\"ReadAction\",\"target\":[\"https:\\\/\\\/adveniat-paris.org\\\/fr\\\/pelerinage\\\/\"]}]},{\"@type\":\"ImageObject\",\"inLanguage\":\"fr-FR\",\"@id\":\"https:\\\/\\\/adveniat-paris.org\\\/fr\\\/pelerinage\\\/#primaryimage\",\"url\":\"https:\\\/\\\/adveniat-paris.org\\\/wp-content\\\/uploads\\\/elementor\\\/thumbs\\\/Copie-de-_DSC1316-nvmmecwv4km3mxsqffl1k7yel3zmdmncz5oiqc4pmg.jpg\",\"contentUrl\":\"https:\\\/\\\/adveniat-paris.org\\\/wp-content\\\/uploads\\\/elementor\\\/thumbs\\\/Copie-de-_DSC1316-nvmmecwv4km3mxsqffl1k7yel3zmdmncz5oiqc4pmg.jpg\"},{\"@type\":\"BreadcrumbList\",\"@id\":\"https:\\\/\\\/adveniat-paris.org\\\/fr\\\/pelerinage\\\/#breadcrumb\",\"itemListElement\":[{\"@type\":\"ListItem\",\"position\":1,\"name\":\"Accueil\",\"item\":\"https:\\\/\\\/adveniat-paris.org\\\/fr\\\/\"},{\"@type\":\"ListItem\",\"position\":2,\"name\":\"Accueil des p\u00e8lerins\"}]},{\"@type\":\"WebSite\",\"@id\":\"https:\\\/\\\/adveniat-paris.org\\\/fr\\\/#website\",\"url\":\"https:\\\/\\\/adveniat-paris.org\\\/fr\\\/\",\"name\":\"Adveniat Paris\",\"description\":\"Auberge de jeunesse \u00e0 2 pas des Champs Elys\u00e9es\",\"publisher\":{\"@id\":\"https:\\\/\\\/adveniat-paris.org\\\/fr\\\/#organization\"},\"potentialAction\":[{\"@type\":\"SearchAction\",\"target\":{\"@type\":\"EntryPoint\",\"urlTemplate\":\"https:\\\/\\\/adveniat-paris.org\\\/fr\\\/?s={search_term_string}\"},\"query-input\":{\"@type\":\"PropertyValueSpecification\",\"valueRequired\":true,\"valueName\":\"search_term_string\"}}],\"inLanguage\":\"fr-FR\"},{\"@type\":\"Organization\",\"@id\":\"https:\\\/\\\/adveniat-paris.org\\\/fr\\\/#organization\",\"name\":\"Adveniat Paris\",\"url\":\"https:\\\/\\\/adveniat-paris.org\\\/fr\\\/\",\"logo\":{\"@type\":\"ImageObject\",\"inLanguage\":\"fr-FR\",\"@id\":\"https:\\\/\\\/adveniat-paris.org\\\/fr\\\/#\\\/schema\\\/logo\\\/image\\\/\",\"url\":\"https:\\\/\\\/adveniat-paris.org\\\/wp-content\\\/uploads\\\/Adveniat_logo_exe_Adveniat_logo_CMJN_baseline_blanc-1-e1737565095903.png\",\"contentUrl\":\"https:\\\/\\\/adveniat-paris.org\\\/wp-content\\\/uploads\\\/Adveniat_logo_exe_Adveniat_logo_CMJN_baseline_blanc-1-e1737565095903.png\",\"width\":1968,\"height\":613,\"caption\":\"Adveniat Paris\"},\"image\":{\"@id\":\"https:\\\/\\\/adveniat-paris.org\\\/fr\\\/#\\\/schema\\\/logo\\\/image\\\/\"}}]}<\/script>\n<!-- \/ Yoast SEO plugin. -->","yoast_head_json":{"title":"Accueil p\u00e8lerinage - Auberge de jeunesse Adveniat Paris","description":"Vous venez faire un p\u00e8lerinage \u00e0 Paris pour visiter ses admirables sanctuaires ? Vous \u00eates prioritaires chez nous en terme d'h\u00e9bergement !","robots":{"index":"index","follow":"follow","max-snippet":"max-snippet:-1","max-image-preview":"max-image-preview:large","max-video-preview":"max-video-preview:-1"},"canonical":"https:\/\/adveniat-paris.org\/fr\/pelerinage\/","og_locale":"fr_FR","og_type":"article","og_title":"Accueil p\u00e8lerinage - Auberge de jeunesse Adveniat Paris","og_description":"Vous venez faire un p\u00e8lerinage \u00e0 Paris pour visiter ses admirables sanctuaires ? Vous \u00eates prioritaires chez nous en terme d'h\u00e9bergement !","og_url":"https:\/\/adveniat-paris.org\/fr\/pelerinage\/","og_site_name":"Adveniat Paris","article_modified_time":"2025-01-31T17:20:34+00:00","og_image":[{"url":"https:\/\/adveniat-paris.org\/wp-content\/uploads\/elementor\/thumbs\/Copie-de-_DSC1316-nvmmecwv4km3mxsqffl1k7yel3zmdmncz5oiqc4pmg.jpg","type":"","width":"","height":""}],"twitter_card":"summary_large_image","twitter_misc":{"Dur\u00e9e de lecture estim\u00e9e":"1 minute"},"schema":{"@context":"https:\/\/schema.org","@graph":[{"@type":"WebPage","@id":"https:\/\/adveniat-paris.org\/fr\/pelerinage\/","url":"https:\/\/adveniat-paris.org\/fr\/pelerinage\/","name":"Accueil p\u00e8lerinage - Auberge de jeunesse Adveniat Paris","isPartOf":{"@id":"https:\/\/adveniat-paris.org\/fr\/#website"},"primaryImageOfPage":{"@id":"https:\/\/adveniat-paris.org\/fr\/pelerinage\/#primaryimage"},"image":{"@id":"https:\/\/adveniat-paris.org\/fr\/pelerinage\/#primaryimage"},"thumbnailUrl":"https:\/\/adveniat-paris.org\/wp-content\/uploads\/elementor\/thumbs\/Copie-de-_DSC1316-nvmmecwv4km3mxsqffl1k7yel3zmdmncz5oiqc4pmg.jpg","datePublished":"2018-07-13T14:12:59+00:00","dateModified":"2025-01-31T17:20:34+00:00","description":"Vous venez faire un p\u00e8lerinage \u00e0 Paris pour visiter ses admirables sanctuaires ? Vous \u00eates prioritaires chez nous en terme d'h\u00e9bergement !","breadcrumb":{"@id":"https:\/\/adveniat-paris.org\/fr\/pelerinage\/#breadcrumb"},"inLanguage":"fr-FR","potentialAction":[{"@type":"ReadAction","target":["https:\/\/adveniat-paris.org\/fr\/pelerinage\/"]}]},{"@type":"ImageObject","inLanguage":"fr-FR","@id":"https:\/\/adveniat-paris.org\/fr\/pelerinage\/#primaryimage","url":"https:\/\/adveniat-paris.org\/wp-content\/uploads\/elementor\/thumbs\/Copie-de-_DSC1316-nvmmecwv4km3mxsqffl1k7yel3zmdmncz5oiqc4pmg.jpg","contentUrl":"https:\/\/adveniat-paris.org\/wp-content\/uploads\/elementor\/thumbs\/Copie-de-_DSC1316-nvmmecwv4km3mxsqffl1k7yel3zmdmncz5oiqc4pmg.jpg"},{"@type":"BreadcrumbList","@id":"https:\/\/adveniat-paris.org\/fr\/pelerinage\/#breadcrumb","itemListElement":[{"@type":"ListItem","position":1,"name":"Accueil","item":"https:\/\/adveniat-paris.org\/fr\/"},{"@type":"ListItem","position":2,"name":"Accueil des p\u00e8lerins"}]},{"@type":"WebSite","@id":"https:\/\/adveniat-paris.org\/fr\/#website","url":"https:\/\/adveniat-paris.org\/fr\/","name":"Adveniat Paris","description":"Auberge de jeunesse \u00e0 2 pas des Champs Elys\u00e9es","publisher":{"@id":"https:\/\/adveniat-paris.org\/fr\/#organization"},"potentialAction":[{"@type":"SearchAction","target":{"@type":"EntryPoint","urlTemplate":"https:\/\/adveniat-paris.org\/fr\/?s={search_term_string}"},"query-input":{"@type":"PropertyValueSpecification","valueRequired":true,"valueName":"search_term_string"}}],"inLanguage":"fr-FR"},{"@type":"Organization","@id":"https:\/\/adveniat-paris.org\/fr\/#organization","name":"Adveniat Paris","url":"https:\/\/adveniat-paris.org\/fr\/","logo":{"@type":"ImageObject","inLanguage":"fr-FR","@id":"https:\/\/adveniat-paris.org\/fr\/#\/schema\/logo\/image\/","url":"https:\/\/adveniat-paris.org\/wp-content\/uploads\/Adveniat_logo_exe_Adveniat_logo_CMJN_baseline_blanc-1-e1737565095903.png","contentUrl":"https:\/\/adveniat-paris.org\/wp-content\/uploads\/Adveniat_logo_exe_Adveniat_logo_CMJN_baseline_blanc-1-e1737565095903.png","width":1968,"height":613,"caption":"Adveniat Paris"},"image":{"@id":"https:\/\/adveniat-paris.org\/fr\/#\/schema\/logo\/image\/"}}]}},"_links":{"self":[{"href":"https:\/\/adveniat-paris.org\/fr\/wp-json\/wp\/v2\/pages\/192","targetHints":{"allow":["GET"]}}],"collection":[{"href":"https:\/\/adveniat-paris.org\/fr\/wp-json\/wp\/v2\/pages"}],"about":[{"href":"https:\/\/adveniat-paris.org\/fr\/wp-json\/wp\/v2\/types\/page"}],"author":[{"embeddable":true,"href":"https:\/\/adveniat-paris.org\/fr\/wp-json\/wp\/v2\/users\/1"}],"replies":[{"embeddable":true,"href":"https:\/\/adveniat-paris.org\/fr\/wp-json\/wp\/v2\/comments?post=192"}],"version-history":[{"count":6,"href":"https:\/\/adveniat-paris.org\/fr\/wp-json\/wp\/v2\/pages\/192\/revisions"}],"predecessor-version":[{"id":4316,"href":"https:\/\/adveniat-paris.org\/fr\/wp-json\/wp\/v2\/pages\/192\/revisions\/4316"}],"wp:attachment":[{"href":"https:\/\/adveniat-paris.org\/fr\/wp-json\/wp\/v2\/media?parent=192"}],"curies":[{"name":"wp","href":"https:\/\/api.w.org\/{rel}","templated":true}]}}