{"id":205,"date":"2018-07-13T16:17:12","date_gmt":"2018-07-13T14:17:12","guid":{"rendered":"https:\/\/adveniat-paris.org\/?page_id=205"},"modified":"2023-01-27T11:49:55","modified_gmt":"2023-01-27T10:49:55","slug":"nous-soutenir-par-des-dons","status":"publish","type":"page","link":"https:\/\/adveniat-paris.org\/fr\/nous-soutenir-par-des-dons\/","title":{"rendered":"Nous soutenir"},"content":{"rendered":"\t\t<div data-elementor-type=\"wp-post\" data-elementor-id=\"205\" class=\"elementor elementor-205\" data-elementor-post-type=\"page\">\n\t\t\t\t\t\t<section class=\"elementor-section elementor-top-section elementor-element elementor-element-28d09a4a elementor-section-height-min-height elementor-section-items-bottom elementor-section-boxed elementor-section-height-default\" data-id=\"28d09a4a\" data-element_type=\"section\" data-e-type=\"section\" data-settings=\"{&quot;background_background&quot;:&quot;classic&quot;}\">\n\t\t\t\t\t\t<div class=\"elementor-container elementor-column-gap-default\">\n\t\t\t\t\t<div class=\"elementor-column elementor-col-100 elementor-top-column elementor-element elementor-element-44e44924\" data-id=\"44e44924\" data-element_type=\"column\" data-e-type=\"column\">\n\t\t\t<div class=\"elementor-widget-wrap elementor-element-populated\">\n\t\t\t\t\t\t<div class=\"elementor-element elementor-element-6a13483 elementor-widget elementor-widget-heading\" data-id=\"6a13483\" data-element_type=\"widget\" data-e-type=\"widget\" data-widget_type=\"heading.default\">\n\t\t\t\t<div class=\"elementor-widget-container\">\n\t\t\t\t\t<h2 class=\"elementor-heading-title elementor-size-default\">Nous soutenir<\/h2>\t\t\t\t<\/div>\n\t\t\t\t<\/div>\n\t\t\t\t\t<\/div>\n\t\t<\/div>\n\t\t\t\t\t<\/div>\n\t\t<\/section>\n\t\t\t\t<section class=\"elementor-section elementor-top-section elementor-element elementor-element-6c98c18 elementor-section-boxed elementor-section-height-default elementor-section-height-default\" data-id=\"6c98c18\" data-element_type=\"section\" data-e-type=\"section\">\n\t\t\t\t\t\t<div class=\"elementor-container elementor-column-gap-default\">\n\t\t\t\t\t<div class=\"elementor-column elementor-col-100 elementor-top-column elementor-element elementor-element-07264b8\" data-id=\"07264b8\" data-element_type=\"column\" data-e-type=\"column\">\n\t\t\t<div class=\"elementor-widget-wrap elementor-element-populated\">\n\t\t\t\t\t\t<div class=\"elementor-element elementor-element-86345a0 elementor-widget elementor-widget-heading\" data-id=\"86345a0\" data-element_type=\"widget\" data-e-type=\"widget\" data-widget_type=\"heading.default\">\n\t\t\t\t<div class=\"elementor-widget-container\">\n\t\t\t\t\t<h2 class=\"elementor-heading-title elementor-size-default\">Faites DES donS \u00e0 l'association Auberge Adveniat<\/h2>\t\t\t\t<\/div>\n\t\t\t\t<\/div>\n\t\t\t\t<div class=\"elementor-element elementor-element-0177e25 elementor-widget elementor-widget-text-editor\" data-id=\"0177e25\" data-element_type=\"widget\" data-e-type=\"widget\" data-widget_type=\"text-editor.default\">\n\t\t\t\t<div class=\"elementor-widget-container\">\n\t\t\t\t\t\t\t\t\t<p>L&rsquo;ouverture de l&rsquo;Auberge de Jeunesse Adveniat est un investissement important pour la Congr\u00e9gation des <a href=\"https:\/\/www.assomption.org\/fr\">Augustins de l&rsquo;Assomption<\/a> :<\/p><ul><li>Investissement en hommes dans un contexte o\u00f9 les vocations sont rares ;<\/li><li>Investissement financier majeur.<\/li><\/ul><p>Nous avons d\u00fb n\u00e9gocier un pr\u00eat bancaire pour financer l&rsquo;am\u00e9nagement des locaux de l&rsquo;auberge. Et le remboursement de cet emprunt p\u00e8se lourd sur les comptes de celle-ci.<\/p><p>Aidez-nous \u00e0 mettre en \u0153uvre ce projet qui se veut au service de l&rsquo;\u00c9glise de France ! Nous recherchons des contributions financi\u00e8res pour aider au financement des travaux d\u2019am\u00e9nagement des locaux de l&rsquo;Auberge de Jeunesse chr\u00e9tienne Adveniat.<\/p><p>L&rsquo;association \u00ab\u00a0Auberge Adveniat\u00a0\u00bb est une association d&rsquo;int\u00e9r\u00eat g\u00e9n\u00e9ral, ce qui lui permet d&rsquo;\u00e9mettre des re\u00e7us fiscaux.<\/p>\t\t\t\t\t\t\t\t<\/div>\n\t\t\t\t<\/div>\n\t\t\t\t\t<\/div>\n\t\t<\/div>\n\t\t\t\t\t<\/div>\n\t\t<\/section>\n\t\t\t\t<section class=\"elementor-section elementor-top-section elementor-element elementor-element-8c75795 elementor-section-boxed elementor-section-height-default elementor-section-height-default\" data-id=\"8c75795\" data-element_type=\"section\" data-e-type=\"section\">\n\t\t\t\t\t\t<div class=\"elementor-container elementor-column-gap-default\">\n\t\t\t\t\t<div class=\"elementor-column elementor-col-100 elementor-top-column elementor-element elementor-element-401115e\" data-id=\"401115e\" data-element_type=\"column\" data-e-type=\"column\">\n\t\t\t<div class=\"elementor-widget-wrap elementor-element-populated\">\n\t\t\t\t\t\t<div class=\"elementor-element elementor-element-553d150 elementor-widget elementor-widget-heading\" data-id=\"553d150\" data-element_type=\"widget\" data-e-type=\"widget\" data-widget_type=\"heading.default\">\n\t\t\t\t<div class=\"elementor-widget-container\">\n\t\t\t\t\t<h2 class=\"elementor-heading-title elementor-size-default\">M\u00e9c\u00e9nat des particuliers<\/h2>\t\t\t\t<\/div>\n\t\t\t\t<\/div>\n\t\t\t\t<div class=\"elementor-element elementor-element-4d2d24b elementor-widget elementor-widget-text-editor\" data-id=\"4d2d24b\" data-element_type=\"widget\" data-e-type=\"widget\" data-widget_type=\"text-editor.default\">\n\t\t\t\t<div class=\"elementor-widget-container\">\n\t\t\t\t\t\t\t\t\t<ol><li>La r\u00e9duction d\u2019imp\u00f4t sur le revenu est de 60% pour les dons aux \u0153uvres d\u2019int\u00e9r\u00eat g\u00e9n\u00e9ral (associations et fondations)<\/li><li>Le plafond de cette d\u00e9duction fiscale est de 20% du revenu imposable.<\/li><li>L\u2019\u00e9talement de la r\u00e9duction d\u2019imp\u00f4t est maintenant permis sur une dur\u00e9e de cinq ann\u00e9es. Ceci veut favoriser les dons importants qui d\u00e9passent le plafond des 20%.<\/li><li>Un h\u00e9ritier est autoris\u00e9 \u00e0 d\u00e9duire de l\u2019assiette des droits de succession les sommes vers\u00e9es \u00e0 des \u0153uvres d\u2019int\u00e9r\u00eat g\u00e9n\u00e9ral<\/li><\/ol>\t\t\t\t\t\t\t\t<\/div>\n\t\t\t\t<\/div>\n\t\t\t\t\t<\/div>\n\t\t<\/div>\n\t\t\t\t\t<\/div>\n\t\t<\/section>\n\t\t\t\t<section class=\"elementor-section elementor-top-section elementor-element elementor-element-80781e9 elementor-section-boxed elementor-section-height-default elementor-section-height-default\" data-id=\"80781e9\" data-element_type=\"section\" data-e-type=\"section\">\n\t\t\t\t\t\t<div class=\"elementor-container elementor-column-gap-default\">\n\t\t\t\t\t<div class=\"elementor-column elementor-col-100 elementor-top-column elementor-element elementor-element-7242a97\" data-id=\"7242a97\" data-element_type=\"column\" data-e-type=\"column\">\n\t\t\t<div class=\"elementor-widget-wrap elementor-element-populated\">\n\t\t\t\t\t\t<div class=\"elementor-element elementor-element-3878027 elementor-widget elementor-widget-text-editor\" data-id=\"3878027\" data-element_type=\"widget\" data-e-type=\"widget\" data-widget_type=\"text-editor.default\">\n\t\t\t\t<div class=\"elementor-widget-container\">\n\t\t\t\t\t\t\t\t\t<p><strong>Ch\u00e8ques \u00e0 l&rsquo;ordre de l&rsquo;Association Auberge Adveniat<\/strong>, \u00e0 envoyer \u00e0 notre adresse :<br \/>Association Auberge Adveniat<br \/>10 rue Fran\u00e7ois 1<sup>er<\/sup>, 75008 Paris<br \/>@: contact@adveniat-paris.org<\/p>\t\t\t\t\t\t\t\t<\/div>\n\t\t\t\t<\/div>\n\t\t\t\t\t<\/div>\n\t\t<\/div>\n\t\t\t\t\t<\/div>\n\t\t<\/section>\n\t\t\t\t<\/div>\n\t\t","protected":false},"excerpt":{"rendered":"<p>Nous soutenir Faites DES donS \u00e0 l&rsquo;association Auberge Adveniat L&rsquo;ouverture de l&rsquo;Auberge de Jeunesse Adveniat est un investissement important pour la Congr\u00e9gation des Augustins de l&rsquo;Assomption : Investissement en hommes dans un contexte o\u00f9 les vocations sont rares ; Investissement financier majeur. Nous avons d\u00fb n\u00e9gocier un pr\u00eat bancaire pour financer l&rsquo;am\u00e9nagement des locaux de [&hellip;]<\/p>\n","protected":false},"author":1,"featured_media":0,"parent":0,"menu_order":0,"comment_status":"closed","ping_status":"closed","template":"","meta":{"om_disable_all_campaigns":false,"_monsterinsights_skip_tracking":false,"_monsterinsights_sitenote_active":false,"_monsterinsights_sitenote_note":"","_monsterinsights_sitenote_category":0,"_uf_show_specific_survey":0,"_uf_disable_surveys":false,"footnotes":""},"class_list":["post-205","page","type-page","status-publish","hentry"],"aioseo_notices":[],"yoast_head":"<!-- This site is optimized with the Yoast SEO plugin v27.6 - https:\/\/yoast.com\/product\/yoast-seo-wordpress\/ -->\n<title>Nous soutenir par des dons - Auberge de jeunesse Adveniat Paris<\/title>\n<meta name=\"description\" content=\"Faites des dons \u00e0 l&#039;association Auberge Adveniat. L\u2019ouverture de l\u2019Auberge de Jeunesse est un investissement important pour les Augustins de l\u2019Assomption.\" \/>\n<meta name=\"robots\" content=\"index, follow, max-snippet:-1, max-image-preview:large, max-video-preview:-1\" \/>\n<link rel=\"canonical\" href=\"https:\/\/adveniat-paris.org\/fr\/nous-soutenir-par-des-dons\/\" \/>\n<meta property=\"og:locale\" content=\"fr_FR\" \/>\n<meta property=\"og:type\" content=\"article\" \/>\n<meta property=\"og:title\" content=\"Nous soutenir par des dons - Auberge de jeunesse Adveniat Paris\" \/>\n<meta property=\"og:description\" content=\"Faites des dons \u00e0 l&#039;association Auberge Adveniat. L\u2019ouverture de l\u2019Auberge de Jeunesse est un investissement important pour les Augustins de l\u2019Assomption.\" \/>\n<meta property=\"og:url\" content=\"https:\/\/adveniat-paris.org\/fr\/nous-soutenir-par-des-dons\/\" \/>\n<meta property=\"og:site_name\" content=\"Adveniat Paris\" \/>\n<meta property=\"article:modified_time\" content=\"2023-01-27T10:49:55+00:00\" \/>\n<meta name=\"twitter:card\" content=\"summary_large_image\" \/>\n<meta name=\"twitter:label1\" content=\"Dur\u00e9e de lecture estim\u00e9e\" \/>\n\t<meta name=\"twitter:data1\" content=\"2 minutes\" \/>\n<script type=\"application\/ld+json\" class=\"yoast-schema-graph\">{\"@context\":\"https:\\\/\\\/schema.org\",\"@graph\":[{\"@type\":\"WebPage\",\"@id\":\"https:\\\/\\\/adveniat-paris.org\\\/fr\\\/nous-soutenir-par-des-dons\\\/\",\"url\":\"https:\\\/\\\/adveniat-paris.org\\\/fr\\\/nous-soutenir-par-des-dons\\\/\",\"name\":\"Nous soutenir par des dons - Auberge de jeunesse Adveniat Paris\",\"isPartOf\":{\"@id\":\"https:\\\/\\\/adveniat-paris.org\\\/fr\\\/#website\"},\"datePublished\":\"2018-07-13T14:17:12+00:00\",\"dateModified\":\"2023-01-27T10:49:55+00:00\",\"description\":\"Faites des dons \u00e0 l'association Auberge Adveniat. L\u2019ouverture de l\u2019Auberge de Jeunesse est un investissement important pour les Augustins de l\u2019Assomption.\",\"breadcrumb\":{\"@id\":\"https:\\\/\\\/adveniat-paris.org\\\/fr\\\/nous-soutenir-par-des-dons\\\/#breadcrumb\"},\"inLanguage\":\"fr-FR\",\"potentialAction\":[{\"@type\":\"ReadAction\",\"target\":[\"https:\\\/\\\/adveniat-paris.org\\\/fr\\\/nous-soutenir-par-des-dons\\\/\"]}]},{\"@type\":\"BreadcrumbList\",\"@id\":\"https:\\\/\\\/adveniat-paris.org\\\/fr\\\/nous-soutenir-par-des-dons\\\/#breadcrumb\",\"itemListElement\":[{\"@type\":\"ListItem\",\"position\":1,\"name\":\"Accueil\",\"item\":\"https:\\\/\\\/adveniat-paris.org\\\/fr\\\/\"},{\"@type\":\"ListItem\",\"position\":2,\"name\":\"Nous soutenir\"}]},{\"@type\":\"WebSite\",\"@id\":\"https:\\\/\\\/adveniat-paris.org\\\/fr\\\/#website\",\"url\":\"https:\\\/\\\/adveniat-paris.org\\\/fr\\\/\",\"name\":\"Adveniat Paris\",\"description\":\"Auberge de jeunesse \u00e0 2 pas des Champs Elys\u00e9es\",\"publisher\":{\"@id\":\"https:\\\/\\\/adveniat-paris.org\\\/fr\\\/#organization\"},\"potentialAction\":[{\"@type\":\"SearchAction\",\"target\":{\"@type\":\"EntryPoint\",\"urlTemplate\":\"https:\\\/\\\/adveniat-paris.org\\\/fr\\\/?s={search_term_string}\"},\"query-input\":{\"@type\":\"PropertyValueSpecification\",\"valueRequired\":true,\"valueName\":\"search_term_string\"}}],\"inLanguage\":\"fr-FR\"},{\"@type\":\"Organization\",\"@id\":\"https:\\\/\\\/adveniat-paris.org\\\/fr\\\/#organization\",\"name\":\"Adveniat Paris\",\"url\":\"https:\\\/\\\/adveniat-paris.org\\\/fr\\\/\",\"logo\":{\"@type\":\"ImageObject\",\"inLanguage\":\"fr-FR\",\"@id\":\"https:\\\/\\\/adveniat-paris.org\\\/fr\\\/#\\\/schema\\\/logo\\\/image\\\/\",\"url\":\"https:\\\/\\\/adveniat-paris.org\\\/wp-content\\\/uploads\\\/Adveniat_logo_exe_Adveniat_logo_CMJN_baseline_blanc-1-e1737565095903.png\",\"contentUrl\":\"https:\\\/\\\/adveniat-paris.org\\\/wp-content\\\/uploads\\\/Adveniat_logo_exe_Adveniat_logo_CMJN_baseline_blanc-1-e1737565095903.png\",\"width\":1968,\"height\":613,\"caption\":\"Adveniat Paris\"},\"image\":{\"@id\":\"https:\\\/\\\/adveniat-paris.org\\\/fr\\\/#\\\/schema\\\/logo\\\/image\\\/\"}}]}<\/script>\n<!-- \/ Yoast SEO plugin. -->","yoast_head_json":{"title":"Nous soutenir par des dons - Auberge de jeunesse Adveniat Paris","description":"Faites des dons \u00e0 l'association Auberge Adveniat. L\u2019ouverture de l\u2019Auberge de Jeunesse est un investissement important pour les Augustins de l\u2019Assomption.","robots":{"index":"index","follow":"follow","max-snippet":"max-snippet:-1","max-image-preview":"max-image-preview:large","max-video-preview":"max-video-preview:-1"},"canonical":"https:\/\/adveniat-paris.org\/fr\/nous-soutenir-par-des-dons\/","og_locale":"fr_FR","og_type":"article","og_title":"Nous soutenir par des dons - Auberge de jeunesse Adveniat Paris","og_description":"Faites des dons \u00e0 l'association Auberge Adveniat. L\u2019ouverture de l\u2019Auberge de Jeunesse est un investissement important pour les Augustins de l\u2019Assomption.","og_url":"https:\/\/adveniat-paris.org\/fr\/nous-soutenir-par-des-dons\/","og_site_name":"Adveniat Paris","article_modified_time":"2023-01-27T10:49:55+00:00","twitter_card":"summary_large_image","twitter_misc":{"Dur\u00e9e de lecture estim\u00e9e":"2 minutes"},"schema":{"@context":"https:\/\/schema.org","@graph":[{"@type":"WebPage","@id":"https:\/\/adveniat-paris.org\/fr\/nous-soutenir-par-des-dons\/","url":"https:\/\/adveniat-paris.org\/fr\/nous-soutenir-par-des-dons\/","name":"Nous soutenir par des dons - Auberge de jeunesse Adveniat Paris","isPartOf":{"@id":"https:\/\/adveniat-paris.org\/fr\/#website"},"datePublished":"2018-07-13T14:17:12+00:00","dateModified":"2023-01-27T10:49:55+00:00","description":"Faites des dons \u00e0 l'association Auberge Adveniat. L\u2019ouverture de l\u2019Auberge de Jeunesse est un investissement important pour les Augustins de l\u2019Assomption.","breadcrumb":{"@id":"https:\/\/adveniat-paris.org\/fr\/nous-soutenir-par-des-dons\/#breadcrumb"},"inLanguage":"fr-FR","potentialAction":[{"@type":"ReadAction","target":["https:\/\/adveniat-paris.org\/fr\/nous-soutenir-par-des-dons\/"]}]},{"@type":"BreadcrumbList","@id":"https:\/\/adveniat-paris.org\/fr\/nous-soutenir-par-des-dons\/#breadcrumb","itemListElement":[{"@type":"ListItem","position":1,"name":"Accueil","item":"https:\/\/adveniat-paris.org\/fr\/"},{"@type":"ListItem","position":2,"name":"Nous soutenir"}]},{"@type":"WebSite","@id":"https:\/\/adveniat-paris.org\/fr\/#website","url":"https:\/\/adveniat-paris.org\/fr\/","name":"Adveniat Paris","description":"Auberge de jeunesse \u00e0 2 pas des Champs Elys\u00e9es","publisher":{"@id":"https:\/\/adveniat-paris.org\/fr\/#organization"},"potentialAction":[{"@type":"SearchAction","target":{"@type":"EntryPoint","urlTemplate":"https:\/\/adveniat-paris.org\/fr\/?s={search_term_string}"},"query-input":{"@type":"PropertyValueSpecification","valueRequired":true,"valueName":"search_term_string"}}],"inLanguage":"fr-FR"},{"@type":"Organization","@id":"https:\/\/adveniat-paris.org\/fr\/#organization","name":"Adveniat Paris","url":"https:\/\/adveniat-paris.org\/fr\/","logo":{"@type":"ImageObject","inLanguage":"fr-FR","@id":"https:\/\/adveniat-paris.org\/fr\/#\/schema\/logo\/image\/","url":"https:\/\/adveniat-paris.org\/wp-content\/uploads\/Adveniat_logo_exe_Adveniat_logo_CMJN_baseline_blanc-1-e1737565095903.png","contentUrl":"https:\/\/adveniat-paris.org\/wp-content\/uploads\/Adveniat_logo_exe_Adveniat_logo_CMJN_baseline_blanc-1-e1737565095903.png","width":1968,"height":613,"caption":"Adveniat Paris"},"image":{"@id":"https:\/\/adveniat-paris.org\/fr\/#\/schema\/logo\/image\/"}}]}},"_links":{"self":[{"href":"https:\/\/adveniat-paris.org\/fr\/wp-json\/wp\/v2\/pages\/205","targetHints":{"allow":["GET"]}}],"collection":[{"href":"https:\/\/adveniat-paris.org\/fr\/wp-json\/wp\/v2\/pages"}],"about":[{"href":"https:\/\/adveniat-paris.org\/fr\/wp-json\/wp\/v2\/types\/page"}],"author":[{"embeddable":true,"href":"https:\/\/adveniat-paris.org\/fr\/wp-json\/wp\/v2\/users\/1"}],"replies":[{"embeddable":true,"href":"https:\/\/adveniat-paris.org\/fr\/wp-json\/wp\/v2\/comments?post=205"}],"version-history":[{"count":0,"href":"https:\/\/adveniat-paris.org\/fr\/wp-json\/wp\/v2\/pages\/205\/revisions"}],"wp:attachment":[{"href":"https:\/\/adveniat-paris.org\/fr\/wp-json\/wp\/v2\/media?parent=205"}],"curies":[{"name":"wp","href":"https:\/\/api.w.org\/{rel}","templated":true}]}}