{"id":4339,"date":"2025-02-26T16:25:42","date_gmt":"2025-02-26T15:25:42","guid":{"rendered":"https:\/\/adveniat-paris.org\/?page_id=4339"},"modified":"2025-02-26T16:58:05","modified_gmt":"2025-02-26T15:58:05","slug":"larrondi-solidaire","status":"publish","type":"page","link":"https:\/\/adveniat-paris.org\/fr\/larrondi-solidaire\/","title":{"rendered":"L&rsquo;arrondi solidaire"},"content":{"rendered":"\t\t<div data-elementor-type=\"wp-page\" data-elementor-id=\"4339\" class=\"elementor elementor-4339\" data-elementor-post-type=\"page\">\n\t\t\t\t\t\t<section class=\"elementor-section elementor-top-section elementor-element elementor-element-f23e84b elementor-section-boxed elementor-section-height-default elementor-section-height-default\" data-id=\"f23e84b\" data-element_type=\"section\" data-e-type=\"section\">\n\t\t\t\t\t\t<div class=\"elementor-container elementor-column-gap-default\">\n\t\t\t\t\t<div class=\"elementor-column elementor-col-100 elementor-top-column elementor-element elementor-element-3ddb8af\" data-id=\"3ddb8af\" data-element_type=\"column\" data-e-type=\"column\">\n\t\t\t<div class=\"elementor-widget-wrap\">\n\t\t\t\t\t\t\t<\/div>\n\t\t<\/div>\n\t\t\t\t\t<\/div>\n\t\t<\/section>\n\t\t\t\t<section class=\"elementor-section elementor-top-section elementor-element elementor-element-74189e8 elementor-section-full_width elementor-section-height-default elementor-section-height-default\" data-id=\"74189e8\" data-element_type=\"section\" data-e-type=\"section\">\n\t\t\t\t\t\t<div class=\"elementor-container elementor-column-gap-default\">\n\t\t\t\t\t<div class=\"elementor-column elementor-col-100 elementor-top-column elementor-element elementor-element-9a787b9\" data-id=\"9a787b9\" data-element_type=\"column\" data-e-type=\"column\">\n\t\t\t<div class=\"elementor-widget-wrap elementor-element-populated\">\n\t\t\t\t\t\t<div class=\"elementor-element elementor-element-f5276f9 elementor--h-position-center elementor--v-position-middle elementor-pagination-position-inside elementor-widget elementor-widget-slides\" data-id=\"f5276f9\" data-element_type=\"widget\" data-e-type=\"widget\" data-settings=\"{&quot;navigation&quot;:&quot;dots&quot;,&quot;autoplay&quot;:&quot;yes&quot;,&quot;pause_on_hover&quot;:&quot;yes&quot;,&quot;pause_on_interaction&quot;:&quot;yes&quot;,&quot;autoplay_speed&quot;:5000,&quot;infinite&quot;:&quot;yes&quot;,&quot;transition&quot;:&quot;slide&quot;,&quot;transition_speed&quot;:500}\" data-widget_type=\"slides.default\">\n\t\t\t\t<div class=\"elementor-widget-container\">\n\t\t\t\t\t\t\t\t\t<div class=\"elementor-swiper\">\n\t\t\t\t\t<div class=\"elementor-slides-wrapper elementor-main-swiper swiper\" role=\"region\" aria-roledescription=\"carousel\" aria-label=\"Diapositives\" dir=\"ltr\" data-animation=\"fadeInUp\">\n\t\t\t\t<div class=\"swiper-wrapper elementor-slides\">\n\t\t\t\t\t\t\t\t\t\t<div class=\"elementor-repeater-item-c964636 swiper-slide\" role=\"group\" aria-roledescription=\"slide\"><div class=\"swiper-slide-bg\" role=\"img\"><\/div><a class=\"swiper-slide-inner\" href=\"#situation\"><div class=\"swiper-slide-contents\"><\/div><\/a><\/div><div class=\"elementor-repeater-item-58874ba swiper-slide\" role=\"group\" aria-roledescription=\"slide\"><div class=\"swiper-slide-bg\" role=\"img\"><\/div><a class=\"swiper-slide-inner\" href=\"#situation\"><div class=\"swiper-slide-contents\"><\/div><\/a><\/div><div class=\"elementor-repeater-item-68c895b swiper-slide\" role=\"group\" aria-roledescription=\"slide\"><div class=\"swiper-slide-bg\" role=\"img\"><\/div><a class=\"swiper-slide-inner\" href=\"#situation\"><div class=\"swiper-slide-contents\"><\/div><\/a><\/div><div class=\"elementor-repeater-item-e13813f swiper-slide\" role=\"group\" aria-roledescription=\"slide\"><div class=\"swiper-slide-bg\" role=\"img\"><\/div><a class=\"swiper-slide-inner\" href=\"#situation\"><div class=\"swiper-slide-contents\"><\/div><\/a><\/div><div class=\"elementor-repeater-item-b3db01b swiper-slide\" role=\"group\" aria-roledescription=\"slide\"><div class=\"swiper-slide-bg\" role=\"img\"><\/div><a class=\"swiper-slide-inner\" href=\"#situation\"><div class=\"swiper-slide-contents\"><\/div><\/a><\/div>\t\t\t\t<\/div>\n\t\t\t\t\t\t\t\t\t\t\t\t\t\t\t\t\t\t\t\t<div class=\"swiper-pagination\"><\/div>\n\t\t\t\t\t\t\t\t\t\t\t\t<\/div>\n\t\t\t\t<\/div>\n\t\t\t\t\t\t\t\t<\/div>\n\t\t\t\t<\/div>\n\t\t\t\t\t<\/div>\n\t\t<\/div>\n\t\t\t\t\t<\/div>\n\t\t<\/section>\n\t\t\t\t<section class=\"elementor-section elementor-top-section elementor-element elementor-element-21e99369 elementor-section-boxed elementor-section-height-default elementor-section-height-default\" data-id=\"21e99369\" data-element_type=\"section\" data-e-type=\"section\">\n\t\t\t\t\t\t<div class=\"elementor-container elementor-column-gap-default\">\n\t\t\t\t\t<div class=\"elementor-column elementor-col-100 elementor-top-column elementor-element elementor-element-45ad0b18\" data-id=\"45ad0b18\" data-element_type=\"column\" data-e-type=\"column\">\n\t\t\t<div class=\"elementor-widget-wrap elementor-element-populated\">\n\t\t\t\t\t\t<div class=\"elementor-element elementor-element-dbac994 elementor-align-center distributor elementor-widget elementor-widget-button\" data-id=\"dbac994\" data-element_type=\"widget\" data-e-type=\"widget\" data-widget_type=\"button.default\">\n\t\t\t\t<div class=\"elementor-widget-container\">\n\t\t\t\t\t\t\t\t\t<div class=\"elementor-button-wrapper\">\n\t\t\t\t\t<a class=\"elementor-button elementor-button-link elementor-size-xl elementor-animation-grow\" href=\"#\">\n\t\t\t\t\t\t<span class=\"elementor-button-content-wrapper\">\n\t\t\t\t\t\t\t\t\t<span class=\"elementor-button-text\">R\u00e9server<\/span>\n\t\t\t\t\t<\/span>\n\t\t\t\t\t<\/a>\n\t\t\t\t<\/div>\n\t\t\t\t\t\t\t\t<\/div>\n\t\t\t\t<\/div>\n\t\t\t\t<div class=\"elementor-element elementor-element-5e0ade62 elementor-widget elementor-widget-text-editor\" data-id=\"5e0ade62\" data-element_type=\"widget\" data-e-type=\"widget\" data-widget_type=\"text-editor.default\">\n\t\t\t\t<div class=\"elementor-widget-container\">\n\t\t\t\t\t\t\t\t\t<p>Depuis sa cr\u00e9ation, les jeunes sont au c\u0153ur du projet pastoral de notre auberge, et nous accueillons de nombreux groupes scolaires. Aujourd&rsquo;hui, l\u2019auberge Adveniat est fi\u00e8re de soutenir la <a href=\"https:\/\/don.assomption.org\/b\/mon-don\" target=\"_blank\" rel=\"noreferrer noopener\">procure missionnaire de l&rsquo;Assomption<\/a> dans la <a href=\"https:\/\/www.assomption.org\/projet-procure-1\/\" target=\"_blank\" rel=\"noreferrer noopener\">construction d&rsquo;\u00e9coles en brousse \u00e0 Madagascar<\/a>.<\/p>\n<p><!-- \/wp:paragraph --><\/p>\n<h4>\u00a0<\/h4>\n<h4><!-- wp:paragraph {\"fontSize\":\"large\"} --><\/h4>\n<h6 class=\"has-large-font-size\">Comment ?<\/h6>\n<p><!-- \/wp:paragraph --><\/p>\n<p><!-- wp:paragraph --><\/p>\n<p>Depuis d\u00e9cembre 2024, nous sollicitons nos clients pour participer au financement de ces \u00e9coles. Nous avons mis en place avec le personnel de l\u2019auberge \u2018l\u2019arrondi solidaire\u2019. Le principe est le suivant\u00a0: Lors de la r\u00e9servation sur internet ou lors de l\u2019enregistrement sur place, nous proposons aux clients d\u2019arrondir leur paiement en versant 1\u20ac suppl\u00e9mentaire. Notre objectif est de financer une ann\u00e9e scolaire pour 30 \u00e9l\u00e8ves.<\/p>\n<p><!-- \/wp:paragraph --><\/p>\n<p><!-- wp:paragraph {\"fontSize\":\"large\"} --><\/p>\n<h6 class=\"has-large-font-size\">Un 1<sup>er<\/sup> bilan\u00a0?<\/h6>\n<p><!-- \/wp:paragraph --><\/p>\n<p><!-- wp:paragraph --><\/p>\n<p>Apr\u00e8s quelques mois de mise en place l\u2019accueil est tr\u00e8s positif par nos clients tant internationaux que fran\u00e7ais\u00a0!<\/p>\n<p><!-- \/wp:paragraph --><\/p>\n<p><!-- wp:image {\"id\":4344,\"width\":\"635px\",\"height\":\"auto\",\"sizeSlug\":\"full\",\"linkDestination\":\"none\",\"align\":\"center\"} --><\/p>\n<figure class=\"wp-block-image aligncenter size-full is-resized\"><img fetchpriority=\"high\" decoding=\"async\" width=\"676\" height=\"450\" class=\"wp-image-4344\" style=\"width: 635px; height: auto;\" src=\"https:\/\/adveniat-paris.org\/wp-content\/uploads\/Madagascar-1.png\" alt=\"\" srcset=\"https:\/\/adveniat-paris.org\/wp-content\/uploads\/Madagascar-1.png 676w, https:\/\/adveniat-paris.org\/wp-content\/uploads\/Madagascar-1-400x266.png 400w, https:\/\/adveniat-paris.org\/wp-content\/uploads\/Madagascar-1-120x80.png 120w\" sizes=\"(max-width: 676px) 100vw, 676px\" \/><\/figure>\n<p><!-- \/wp:image --><\/p>\n<p><!-- wp:paragraph --><\/p>\n<p><!-- \/wp:paragraph --><\/p>\t\t\t\t\t\t\t\t<\/div>\n\t\t\t\t<\/div>\n\t\t\t\t\t<\/div>\n\t\t<\/div>\n\t\t\t\t\t<\/div>\n\t\t<\/section>\n\t\t\t\t<\/div>\n\t\t","protected":false},"excerpt":{"rendered":"<p>R\u00e9server Depuis sa cr\u00e9ation, les jeunes sont au c\u0153ur du projet pastoral de notre auberge, et nous accueillons de nombreux groupes scolaires. Aujourd&rsquo;hui, l\u2019auberge Adveniat est fi\u00e8re de soutenir la procure missionnaire de l&rsquo;Assomption dans la construction d&rsquo;\u00e9coles en brousse \u00e0 Madagascar. \u00a0 Comment ? Depuis d\u00e9cembre 2024, nous sollicitons nos clients pour participer au [&hellip;]<\/p>\n","protected":false},"author":5,"featured_media":0,"parent":0,"menu_order":0,"comment_status":"closed","ping_status":"closed","template":"","meta":{"om_disable_all_campaigns":false,"_monsterinsights_skip_tracking":false,"_monsterinsights_sitenote_active":false,"_monsterinsights_sitenote_note":"","_monsterinsights_sitenote_category":0,"_uf_show_specific_survey":0,"_uf_disable_surveys":false,"footnotes":""},"class_list":["post-4339","page","type-page","status-publish","hentry"],"aioseo_notices":[],"yoast_head":"<!-- This site is optimized with the Yoast SEO plugin v27.5 - https:\/\/yoast.com\/product\/yoast-seo-wordpress\/ -->\n<title>L&#039;arrondi solidaire - Adveniat Paris<\/title>\n<meta name=\"robots\" content=\"index, follow, max-snippet:-1, max-image-preview:large, max-video-preview:-1\" \/>\n<link rel=\"canonical\" href=\"https:\/\/adveniat-paris.org\/fr\/larrondi-solidaire\/\" \/>\n<meta property=\"og:locale\" content=\"fr_FR\" \/>\n<meta property=\"og:type\" content=\"article\" \/>\n<meta property=\"og:title\" content=\"L&#039;arrondi solidaire - Adveniat Paris\" \/>\n<meta property=\"og:description\" content=\"R\u00e9server Depuis sa cr\u00e9ation, les jeunes sont au c\u0153ur du projet pastoral de notre auberge, et nous accueillons de nombreux groupes scolaires. Aujourd&rsquo;hui, l\u2019auberge Adveniat est fi\u00e8re de soutenir la procure missionnaire de l&rsquo;Assomption dans la construction d&rsquo;\u00e9coles en brousse \u00e0 Madagascar. \u00a0 Comment ? Depuis d\u00e9cembre 2024, nous sollicitons nos clients pour participer au [&hellip;]\" \/>\n<meta property=\"og:url\" content=\"https:\/\/adveniat-paris.org\/fr\/larrondi-solidaire\/\" \/>\n<meta property=\"og:site_name\" content=\"Adveniat Paris\" \/>\n<meta property=\"article:modified_time\" content=\"2025-02-26T15:58:05+00:00\" \/>\n<meta property=\"og:image\" content=\"https:\/\/adveniat-paris.org\/wp-content\/uploads\/Madagascar-1.png\" \/>\n\t<meta property=\"og:image:width\" content=\"676\" \/>\n\t<meta property=\"og:image:height\" content=\"450\" \/>\n\t<meta property=\"og:image:type\" content=\"image\/png\" \/>\n<meta name=\"twitter:card\" content=\"summary_large_image\" \/>\n<meta name=\"twitter:label1\" content=\"Dur\u00e9e de lecture estim\u00e9e\" \/>\n\t<meta name=\"twitter:data1\" content=\"1 minute\" \/>\n<script type=\"application\/ld+json\" class=\"yoast-schema-graph\">{\"@context\":\"https:\\\/\\\/schema.org\",\"@graph\":[{\"@type\":\"WebPage\",\"@id\":\"https:\\\/\\\/adveniat-paris.org\\\/fr\\\/larrondi-solidaire\\\/\",\"url\":\"https:\\\/\\\/adveniat-paris.org\\\/fr\\\/larrondi-solidaire\\\/\",\"name\":\"L'arrondi solidaire - Adveniat Paris\",\"isPartOf\":{\"@id\":\"https:\\\/\\\/adveniat-paris.org\\\/fr\\\/#website\"},\"primaryImageOfPage\":{\"@id\":\"https:\\\/\\\/adveniat-paris.org\\\/fr\\\/larrondi-solidaire\\\/#primaryimage\"},\"image\":{\"@id\":\"https:\\\/\\\/adveniat-paris.org\\\/fr\\\/larrondi-solidaire\\\/#primaryimage\"},\"thumbnailUrl\":\"https:\\\/\\\/adveniat-paris.org\\\/wp-content\\\/uploads\\\/Madagascar-1.png\",\"datePublished\":\"2025-02-26T15:25:42+00:00\",\"dateModified\":\"2025-02-26T15:58:05+00:00\",\"breadcrumb\":{\"@id\":\"https:\\\/\\\/adveniat-paris.org\\\/fr\\\/larrondi-solidaire\\\/#breadcrumb\"},\"inLanguage\":\"fr-FR\",\"potentialAction\":[{\"@type\":\"ReadAction\",\"target\":[\"https:\\\/\\\/adveniat-paris.org\\\/fr\\\/larrondi-solidaire\\\/\"]}]},{\"@type\":\"ImageObject\",\"inLanguage\":\"fr-FR\",\"@id\":\"https:\\\/\\\/adveniat-paris.org\\\/fr\\\/larrondi-solidaire\\\/#primaryimage\",\"url\":\"https:\\\/\\\/adveniat-paris.org\\\/wp-content\\\/uploads\\\/Madagascar-1.png\",\"contentUrl\":\"https:\\\/\\\/adveniat-paris.org\\\/wp-content\\\/uploads\\\/Madagascar-1.png\"},{\"@type\":\"BreadcrumbList\",\"@id\":\"https:\\\/\\\/adveniat-paris.org\\\/fr\\\/larrondi-solidaire\\\/#breadcrumb\",\"itemListElement\":[{\"@type\":\"ListItem\",\"position\":1,\"name\":\"Accueil\",\"item\":\"https:\\\/\\\/adveniat-paris.org\\\/fr\\\/\"},{\"@type\":\"ListItem\",\"position\":2,\"name\":\"L&rsquo;arrondi solidaire\"}]},{\"@type\":\"WebSite\",\"@id\":\"https:\\\/\\\/adveniat-paris.org\\\/fr\\\/#website\",\"url\":\"https:\\\/\\\/adveniat-paris.org\\\/fr\\\/\",\"name\":\"Adveniat Paris\",\"description\":\"Auberge de jeunesse \u00e0 2 pas des Champs Elys\u00e9es\",\"publisher\":{\"@id\":\"https:\\\/\\\/adveniat-paris.org\\\/fr\\\/#organization\"},\"potentialAction\":[{\"@type\":\"SearchAction\",\"target\":{\"@type\":\"EntryPoint\",\"urlTemplate\":\"https:\\\/\\\/adveniat-paris.org\\\/fr\\\/?s={search_term_string}\"},\"query-input\":{\"@type\":\"PropertyValueSpecification\",\"valueRequired\":true,\"valueName\":\"search_term_string\"}}],\"inLanguage\":\"fr-FR\"},{\"@type\":\"Organization\",\"@id\":\"https:\\\/\\\/adveniat-paris.org\\\/fr\\\/#organization\",\"name\":\"Adveniat Paris\",\"url\":\"https:\\\/\\\/adveniat-paris.org\\\/fr\\\/\",\"logo\":{\"@type\":\"ImageObject\",\"inLanguage\":\"fr-FR\",\"@id\":\"https:\\\/\\\/adveniat-paris.org\\\/fr\\\/#\\\/schema\\\/logo\\\/image\\\/\",\"url\":\"https:\\\/\\\/adveniat-paris.org\\\/wp-content\\\/uploads\\\/Adveniat_logo_exe_Adveniat_logo_CMJN_baseline_blanc-1-e1737565095903.png\",\"contentUrl\":\"https:\\\/\\\/adveniat-paris.org\\\/wp-content\\\/uploads\\\/Adveniat_logo_exe_Adveniat_logo_CMJN_baseline_blanc-1-e1737565095903.png\",\"width\":1968,\"height\":613,\"caption\":\"Adveniat Paris\"},\"image\":{\"@id\":\"https:\\\/\\\/adveniat-paris.org\\\/fr\\\/#\\\/schema\\\/logo\\\/image\\\/\"}}]}<\/script>\n<!-- \/ Yoast SEO plugin. -->","yoast_head_json":{"title":"L'arrondi solidaire - Adveniat Paris","robots":{"index":"index","follow":"follow","max-snippet":"max-snippet:-1","max-image-preview":"max-image-preview:large","max-video-preview":"max-video-preview:-1"},"canonical":"https:\/\/adveniat-paris.org\/fr\/larrondi-solidaire\/","og_locale":"fr_FR","og_type":"article","og_title":"L'arrondi solidaire - Adveniat Paris","og_description":"R\u00e9server Depuis sa cr\u00e9ation, les jeunes sont au c\u0153ur du projet pastoral de notre auberge, et nous accueillons de nombreux groupes scolaires. Aujourd&rsquo;hui, l\u2019auberge Adveniat est fi\u00e8re de soutenir la procure missionnaire de l&rsquo;Assomption dans la construction d&rsquo;\u00e9coles en brousse \u00e0 Madagascar. \u00a0 Comment ? Depuis d\u00e9cembre 2024, nous sollicitons nos clients pour participer au [&hellip;]","og_url":"https:\/\/adveniat-paris.org\/fr\/larrondi-solidaire\/","og_site_name":"Adveniat Paris","article_modified_time":"2025-02-26T15:58:05+00:00","og_image":[{"width":676,"height":450,"url":"https:\/\/adveniat-paris.org\/wp-content\/uploads\/Madagascar-1.png","type":"image\/png"}],"twitter_card":"summary_large_image","twitter_misc":{"Dur\u00e9e de lecture estim\u00e9e":"1 minute"},"schema":{"@context":"https:\/\/schema.org","@graph":[{"@type":"WebPage","@id":"https:\/\/adveniat-paris.org\/fr\/larrondi-solidaire\/","url":"https:\/\/adveniat-paris.org\/fr\/larrondi-solidaire\/","name":"L'arrondi solidaire - Adveniat Paris","isPartOf":{"@id":"https:\/\/adveniat-paris.org\/fr\/#website"},"primaryImageOfPage":{"@id":"https:\/\/adveniat-paris.org\/fr\/larrondi-solidaire\/#primaryimage"},"image":{"@id":"https:\/\/adveniat-paris.org\/fr\/larrondi-solidaire\/#primaryimage"},"thumbnailUrl":"https:\/\/adveniat-paris.org\/wp-content\/uploads\/Madagascar-1.png","datePublished":"2025-02-26T15:25:42+00:00","dateModified":"2025-02-26T15:58:05+00:00","breadcrumb":{"@id":"https:\/\/adveniat-paris.org\/fr\/larrondi-solidaire\/#breadcrumb"},"inLanguage":"fr-FR","potentialAction":[{"@type":"ReadAction","target":["https:\/\/adveniat-paris.org\/fr\/larrondi-solidaire\/"]}]},{"@type":"ImageObject","inLanguage":"fr-FR","@id":"https:\/\/adveniat-paris.org\/fr\/larrondi-solidaire\/#primaryimage","url":"https:\/\/adveniat-paris.org\/wp-content\/uploads\/Madagascar-1.png","contentUrl":"https:\/\/adveniat-paris.org\/wp-content\/uploads\/Madagascar-1.png"},{"@type":"BreadcrumbList","@id":"https:\/\/adveniat-paris.org\/fr\/larrondi-solidaire\/#breadcrumb","itemListElement":[{"@type":"ListItem","position":1,"name":"Accueil","item":"https:\/\/adveniat-paris.org\/fr\/"},{"@type":"ListItem","position":2,"name":"L&rsquo;arrondi solidaire"}]},{"@type":"WebSite","@id":"https:\/\/adveniat-paris.org\/fr\/#website","url":"https:\/\/adveniat-paris.org\/fr\/","name":"Adveniat Paris","description":"Auberge de jeunesse \u00e0 2 pas des Champs Elys\u00e9es","publisher":{"@id":"https:\/\/adveniat-paris.org\/fr\/#organization"},"potentialAction":[{"@type":"SearchAction","target":{"@type":"EntryPoint","urlTemplate":"https:\/\/adveniat-paris.org\/fr\/?s={search_term_string}"},"query-input":{"@type":"PropertyValueSpecification","valueRequired":true,"valueName":"search_term_string"}}],"inLanguage":"fr-FR"},{"@type":"Organization","@id":"https:\/\/adveniat-paris.org\/fr\/#organization","name":"Adveniat Paris","url":"https:\/\/adveniat-paris.org\/fr\/","logo":{"@type":"ImageObject","inLanguage":"fr-FR","@id":"https:\/\/adveniat-paris.org\/fr\/#\/schema\/logo\/image\/","url":"https:\/\/adveniat-paris.org\/wp-content\/uploads\/Adveniat_logo_exe_Adveniat_logo_CMJN_baseline_blanc-1-e1737565095903.png","contentUrl":"https:\/\/adveniat-paris.org\/wp-content\/uploads\/Adveniat_logo_exe_Adveniat_logo_CMJN_baseline_blanc-1-e1737565095903.png","width":1968,"height":613,"caption":"Adveniat Paris"},"image":{"@id":"https:\/\/adveniat-paris.org\/fr\/#\/schema\/logo\/image\/"}}]}},"_links":{"self":[{"href":"https:\/\/adveniat-paris.org\/fr\/wp-json\/wp\/v2\/pages\/4339","targetHints":{"allow":["GET"]}}],"collection":[{"href":"https:\/\/adveniat-paris.org\/fr\/wp-json\/wp\/v2\/pages"}],"about":[{"href":"https:\/\/adveniat-paris.org\/fr\/wp-json\/wp\/v2\/types\/page"}],"author":[{"embeddable":true,"href":"https:\/\/adveniat-paris.org\/fr\/wp-json\/wp\/v2\/users\/5"}],"replies":[{"embeddable":true,"href":"https:\/\/adveniat-paris.org\/fr\/wp-json\/wp\/v2\/comments?post=4339"}],"version-history":[{"count":22,"href":"https:\/\/adveniat-paris.org\/fr\/wp-json\/wp\/v2\/pages\/4339\/revisions"}],"predecessor-version":[{"id":4384,"href":"https:\/\/adveniat-paris.org\/fr\/wp-json\/wp\/v2\/pages\/4339\/revisions\/4384"}],"wp:attachment":[{"href":"https:\/\/adveniat-paris.org\/fr\/wp-json\/wp\/v2\/media?parent=4339"}],"curies":[{"name":"wp","href":"https:\/\/api.w.org\/{rel}","templated":true}]}}